{"id":814,"date":"2020-05-06T11:35:35","date_gmt":"2020-05-06T14:35:35","guid":{"rendered":"http:\/\/www.hydronorth.com.br\/hydroresolve\/?page_id=814"},"modified":"2020-05-06T11:53:51","modified_gmt":"2020-05-06T14:53:51","slug":"reinvente-se-dicas-para-pintores","status":"publish","type":"page","link":"https:\/\/www.hydronorth.com.br\/hydroresolve\/reinvente-se-dicas-para-pintores\/","title":{"rendered":"Dicas para Pintores"},"content":{"rendered":"\t\t<div data-elementor-type=\"wp-page\" data-elementor-id=\"814\" class=\"elementor elementor-814\">\n\t\t\t\t\t\t<div class=\"elementor-inner\">\n\t\t\t\t<div class=\"elementor-section-wrap\">\n\t\t\t\t\t\t\t\t\t<section class=\"elementor-section elementor-top-section elementor-element elementor-element-309ebf5 elementor-section-boxed elementor-section-height-default elementor-section-height-default\" data-id=\"309ebf5\" data-element_type=\"section\">\n\t\t\t\t\t\t<div class=\"elementor-container elementor-column-gap-default\">\n\t\t\t\t\t\t\t<div class=\"elementor-row\">\n\t\t\t\t\t<div class=\"elementor-column elementor-col-100 elementor-top-column elementor-element elementor-element-ecdd9a0\" data-id=\"ecdd9a0\" data-element_type=\"column\">\n\t\t\t<div class=\"elementor-column-wrap elementor-element-populated\">\n\t\t\t\t\t\t\t<div class=\"elementor-widget-wrap\">\n\t\t\t\t\t\t<div class=\"elementor-element elementor-element-43b58f3 elementor-widget elementor-widget-image\" data-id=\"43b58f3\" data-element_type=\"widget\" data-widget_type=\"image.default\">\n\t\t\t\t<div class=\"elementor-widget-container\">\n\t\t\t\t\t\t\t\t<div class=\"elementor-image\">\n\t\t\t\t\t\t\t\t\t\t\t\t<img width=\"640\" height=\"176\" src=\"https:\/\/www.hydronorth.com.br\/hydroresolve\/wp-content\/uploads\/2020\/05\/Dicas-para-pintores-1024x282.png\" class=\"attachment-large size-large\" alt=\"\" loading=\"lazy\" srcset=\"https:\/\/www.hydronorth.com.br\/hydroresolve\/wp-content\/uploads\/2020\/05\/Dicas-para-pintores.png 1024w, https:\/\/www.hydronorth.com.br\/hydroresolve\/wp-content\/uploads\/2020\/05\/Dicas-para-pintores-300x83.png 300w, https:\/\/www.hydronorth.com.br\/hydroresolve\/wp-content\/uploads\/2020\/05\/Dicas-para-pintores-768x212.png 768w, https:\/\/www.hydronorth.com.br\/hydroresolve\/wp-content\/uploads\/2020\/05\/Dicas-para-pintores-400x110.png 400w\" sizes=\"(max-width: 640px) 100vw, 640px\" \/>\t\t\t\t\t\t\t\t\t\t\t\t\t\t<\/div>\n\t\t\t\t\t\t<\/div>\n\t\t\t\t<\/div>\n\t\t\t\t\t\t<\/div>\n\t\t\t\t\t<\/div>\n\t\t<\/div>\n\t\t\t\t\t\t\t\t<\/div>\n\t\t\t\t\t<\/div>\n\t\t<\/section>\n\t\t\t\t<section class=\"elementor-section elementor-top-section elementor-element elementor-element-c6f2bb5 elementor-section-boxed elementor-section-height-default elementor-section-height-default\" data-id=\"c6f2bb5\" data-element_type=\"section\">\n\t\t\t\t\t\t<div class=\"elementor-container elementor-column-gap-default\">\n\t\t\t\t\t\t\t<div class=\"elementor-row\">\n\t\t\t\t\t<div class=\"elementor-column elementor-col-100 elementor-top-column elementor-element elementor-element-2861375\" data-id=\"2861375\" data-element_type=\"column\">\n\t\t\t<div class=\"elementor-column-wrap elementor-element-populated\">\n\t\t\t\t\t\t\t<div class=\"elementor-widget-wrap\">\n\t\t\t\t\t\t<div class=\"elementor-element elementor-element-96a618f elementor-widget elementor-widget-heading\" data-id=\"96a618f\" data-element_type=\"widget\" data-widget_type=\"heading.default\">\n\t\t\t\t<div class=\"elementor-widget-container\">\n\t\t\t<h2 class=\"elementor-heading-title elementor-size-default\">Pintor: veja dicas da Hydronorth para reinventar sua forma de trabalhar durante a quarentena.<\/h2>\t\t<\/div>\n\t\t\t\t<\/div>\n\t\t\t\t\t\t<\/div>\n\t\t\t\t\t<\/div>\n\t\t<\/div>\n\t\t\t\t\t\t\t\t<\/div>\n\t\t\t\t\t<\/div>\n\t\t<\/section>\n\t\t\t\t<section class=\"elementor-section elementor-top-section elementor-element elementor-element-ee1eda0 elementor-section-boxed elementor-section-height-default elementor-section-height-default\" data-id=\"ee1eda0\" data-element_type=\"section\">\n\t\t\t\t\t\t<div class=\"elementor-container elementor-column-gap-default\">\n\t\t\t\t\t\t\t<div class=\"elementor-row\">\n\t\t\t\t\t<div class=\"elementor-column elementor-col-100 elementor-top-column elementor-element elementor-element-346a9f6\" data-id=\"346a9f6\" data-element_type=\"column\">\n\t\t\t<div class=\"elementor-column-wrap elementor-element-populated\">\n\t\t\t\t\t\t\t<div class=\"elementor-widget-wrap\">\n\t\t\t\t\t\t<div class=\"elementor-element elementor-element-7646b95 elementor-widget elementor-widget-text-editor\" data-id=\"7646b95\" data-element_type=\"widget\" data-widget_type=\"text-editor.default\">\n\t\t\t\t<div class=\"elementor-widget-container\">\n\t\t\t\t\t\t\t\t<div class=\"elementor-text-editor elementor-clearfix\">\n\t\t\t\t<p>Se voc\u00ea \u00e9 pintor, j\u00e1 sabe que a pandemia da Covid-19 trouxe v\u00e1rios desafios, afinal, voc\u00ea \u00e9 um profissional que precisa se deslocar para trabalhar, e a quarentena \u00e9 um dos principais meios de preven\u00e7\u00e3o para que o v\u00edrus n\u00e3o se espalhe. Por\u00e9m, existem maneiras diferentes e a\u00e7\u00f5es inovadoras que voc\u00ea pode tomar para continuar trabalhando e reduzir preju\u00edzos. Por isso, a Hydronorth se importa e quer ajud\u00e1-lo com dicas que podem ser \u00fateis na hora de reinventar sua forma de trabalhar durante a pandemia. Confira abaixo cada uma delas.<\/p>\t\t\t\t\t<\/div>\n\t\t\t\t\t\t<\/div>\n\t\t\t\t<\/div>\n\t\t\t\t\t\t<\/div>\n\t\t\t\t\t<\/div>\n\t\t<\/div>\n\t\t\t\t\t\t\t\t<\/div>\n\t\t\t\t\t<\/div>\n\t\t<\/section>\n\t\t\t\t<section class=\"elementor-section elementor-top-section elementor-element elementor-element-5307122 elementor-section-boxed elementor-section-height-default elementor-section-height-default\" data-id=\"5307122\" data-element_type=\"section\">\n\t\t\t\t\t\t<div class=\"elementor-container elementor-column-gap-default\">\n\t\t\t\t\t\t\t<div class=\"elementor-row\">\n\t\t\t\t\t<div class=\"elementor-column elementor-col-100 elementor-top-column elementor-element elementor-element-289c6c1\" data-id=\"289c6c1\" data-element_type=\"column\">\n\t\t\t<div class=\"elementor-column-wrap elementor-element-populated\">\n\t\t\t\t\t\t\t<div class=\"elementor-widget-wrap\">\n\t\t\t\t\t\t<div class=\"elementor-element elementor-element-595e36a elementor-widget elementor-widget-toggle\" data-id=\"595e36a\" data-element_type=\"widget\" data-widget_type=\"toggle.default\">\n\t\t\t\t<div class=\"elementor-widget-container\">\n\t\t\t\t\t<div class=\"elementor-toggle\" role=\"tablist\">\n\t\t\t\t\t\t\t<div class=\"elementor-toggle-item\">\n\t\t\t\t\t<div id=\"elementor-tab-title-9371\" class=\"elementor-tab-title\" data-tab=\"1\" role=\"tab\" aria-controls=\"elementor-tab-content-9371\" aria-expanded=\"false\">\n\t\t\t\t\t\t\t\t\t\t\t\t<span class=\"elementor-toggle-icon elementor-toggle-icon-left\" aria-hidden=\"true\">\n\t\t\t\t\t\t\t\t\t\t\t\t\t\t\t<span class=\"elementor-toggle-icon-closed\"><i class=\"fas fa-caret-right\"><\/i><\/span>\n\t\t\t\t\t\t\t\t<span class=\"elementor-toggle-icon-opened\"><i class=\"elementor-toggle-icon-opened fas fa-caret-up\"><\/i><\/span>\n\t\t\t\t\t\t\t\t\t\t\t\t\t<\/span>\n\t\t\t\t\t\t\t\t\t\t\t\t<a href=\"\" class=\"elementor-toggle-title\">01 - Reforce sua prote\u00e7\u00e3o<\/a>\n\t\t\t\t\t<\/div>\n\n\t\t\t\t\t<div id=\"elementor-tab-content-9371\" class=\"elementor-tab-content elementor-clearfix\" data-tab=\"1\" role=\"tabpanel\" aria-labelledby=\"elementor-tab-title-9371\"><p>Antes de tudo, ofere\u00e7a seu trabalho com medidas de prote\u00e7\u00e3o refor\u00e7adas. Comunique de forma clara a seus clientes que voc\u00ea ir\u00e1 trabalhar sozinho, usando m\u00e1scara e luvas, desinfetando seus equipamentos com \u00e1lcool, lavando as m\u00e3os regularmente, levando trocas de roupa durante o expediente, e mantendo no m\u00ednimo 2 metros de dist\u00e2ncia das pessoas. Ofere\u00e7a seguran\u00e7a para voc\u00ea e seus clientes, e mostre para eles que voc\u00ea \u00e9 um profissional respons\u00e1vel, prevenido e preocupado.<\/p><\/div>\n\t\t\t\t<\/div>\n\t\t\t\t\t\t\t<div class=\"elementor-toggle-item\">\n\t\t\t\t\t<div id=\"elementor-tab-title-9372\" class=\"elementor-tab-title\" data-tab=\"2\" role=\"tab\" aria-controls=\"elementor-tab-content-9372\" aria-expanded=\"false\">\n\t\t\t\t\t\t\t\t\t\t\t\t<span class=\"elementor-toggle-icon elementor-toggle-icon-left\" aria-hidden=\"true\">\n\t\t\t\t\t\t\t\t\t\t\t\t\t\t\t<span class=\"elementor-toggle-icon-closed\"><i class=\"fas fa-caret-right\"><\/i><\/span>\n\t\t\t\t\t\t\t\t<span class=\"elementor-toggle-icon-opened\"><i class=\"elementor-toggle-icon-opened fas fa-caret-up\"><\/i><\/span>\n\t\t\t\t\t\t\t\t\t\t\t\t\t<\/span>\n\t\t\t\t\t\t\t\t\t\t\t\t<a href=\"\" class=\"elementor-toggle-title\">02 - Analise seus contatos<\/a>\n\t\t\t\t\t<\/div>\n\n\t\t\t\t\t<div id=\"elementor-tab-content-9372\" class=\"elementor-tab-content elementor-clearfix\" data-tab=\"2\" role=\"tabpanel\" aria-labelledby=\"elementor-tab-title-9372\"><p>Analise minuciosamente seus contatos de clientes, lojistas e empreiteiras, e veja para quais deles voc\u00ea pode oferecer algum tipo de trabalho. Pergunte-lhes quais s\u00e3o suas necessidades, mostre-se presente, pronto para realizar novas demandas, tudo com o m\u00e1ximo de prote\u00e7\u00e3o e seguran\u00e7a. Quando os pedidos diminuem, entrar em contato com essas pessoas e se mostrar disposto a oferecer solu\u00e7\u00f5es, \u00e9 fundamental.<\/p><\/div>\n\t\t\t\t<\/div>\n\t\t\t\t\t\t\t<div class=\"elementor-toggle-item\">\n\t\t\t\t\t<div id=\"elementor-tab-title-9373\" class=\"elementor-tab-title\" data-tab=\"3\" role=\"tab\" aria-controls=\"elementor-tab-content-9373\" aria-expanded=\"false\">\n\t\t\t\t\t\t\t\t\t\t\t\t<span class=\"elementor-toggle-icon elementor-toggle-icon-left\" aria-hidden=\"true\">\n\t\t\t\t\t\t\t\t\t\t\t\t\t\t\t<span class=\"elementor-toggle-icon-closed\"><i class=\"fas fa-caret-right\"><\/i><\/span>\n\t\t\t\t\t\t\t\t<span class=\"elementor-toggle-icon-opened\"><i class=\"elementor-toggle-icon-opened fas fa-caret-up\"><\/i><\/span>\n\t\t\t\t\t\t\t\t\t\t\t\t\t<\/span>\n\t\t\t\t\t\t\t\t\t\t\t\t<a href=\"\" class=\"elementor-toggle-title\">03 - Procure obras em andamento<\/a>\n\t\t\t\t\t<\/div>\n\n\t\t\t\t\t<div id=\"elementor-tab-content-9373\" class=\"elementor-tab-content elementor-clearfix\" data-tab=\"3\" role=\"tabpanel\" aria-labelledby=\"elementor-tab-title-9373\"><p>Ligue ou mande mensagem para seus clientes que est\u00e3o com obras em andamento e ofere\u00e7a uma boa solu\u00e7\u00e3o para continuar o trabalho de forma eficiente, econ\u00f4mica e segura, baseadas em sua realidade. Combine uma forma de trabalhar mantendo o m\u00ednimo de contato f\u00edsico poss\u00edvel, e sempre com muita seguran\u00e7a, seguindo as orienta\u00e7\u00f5es da primeira dica. Conversar, assim como na dica anterior, \u00e9 uma boa forma de fazer seus clientes confiarem no seu profissionalismo, e ao mesmo tempo manter sua rotina de trabalho.<\/p><\/div>\n\t\t\t\t<\/div>\n\t\t\t\t\t\t\t<div class=\"elementor-toggle-item\">\n\t\t\t\t\t<div id=\"elementor-tab-title-9374\" class=\"elementor-tab-title\" data-tab=\"4\" role=\"tab\" aria-controls=\"elementor-tab-content-9374\" aria-expanded=\"false\">\n\t\t\t\t\t\t\t\t\t\t\t\t<span class=\"elementor-toggle-icon elementor-toggle-icon-left\" aria-hidden=\"true\">\n\t\t\t\t\t\t\t\t\t\t\t\t\t\t\t<span class=\"elementor-toggle-icon-closed\"><i class=\"fas fa-caret-right\"><\/i><\/span>\n\t\t\t\t\t\t\t\t<span class=\"elementor-toggle-icon-opened\"><i class=\"elementor-toggle-icon-opened fas fa-caret-up\"><\/i><\/span>\n\t\t\t\t\t\t\t\t\t\t\t\t\t<\/span>\n\t\t\t\t\t\t\t\t\t\t\t\t<a href=\"\" class=\"elementor-toggle-title\">04 - Seja flex\u00edvel<\/a>\n\t\t\t\t\t<\/div>\n\n\t\t\t\t\t<div id=\"elementor-tab-content-9374\" class=\"elementor-tab-content elementor-clearfix\" data-tab=\"4\" role=\"tabpanel\" aria-labelledby=\"elementor-tab-title-9374\"><p>Saber negociar \u00e9 tudo! \u00c9 claro que voc\u00ea n\u00e3o pode simplesmente reduzir o pre\u00e7o de seu trabalho e sair no preju\u00edzo, mas oferecer algumas condi\u00e7\u00f5es ou descontos tempor\u00e1rios para clientes, onde ambos possam sair ganhando, \u00e9 muito bem-vindo neste momento. Por isso, ao contatar seus clientes, converse e analise a condi\u00e7\u00e3o de cada um, estude uma possibilidade de flexibiliza\u00e7\u00e3o de pagamento, e fa\u00e7a a proposta.<\/p><\/div>\n\t\t\t\t<\/div>\n\t\t\t\t\t\t\t<div class=\"elementor-toggle-item\">\n\t\t\t\t\t<div id=\"elementor-tab-title-9375\" class=\"elementor-tab-title\" data-tab=\"5\" role=\"tab\" aria-controls=\"elementor-tab-content-9375\" aria-expanded=\"false\">\n\t\t\t\t\t\t\t\t\t\t\t\t<span class=\"elementor-toggle-icon elementor-toggle-icon-left\" aria-hidden=\"true\">\n\t\t\t\t\t\t\t\t\t\t\t\t\t\t\t<span class=\"elementor-toggle-icon-closed\"><i class=\"fas fa-caret-right\"><\/i><\/span>\n\t\t\t\t\t\t\t\t<span class=\"elementor-toggle-icon-opened\"><i class=\"elementor-toggle-icon-opened fas fa-caret-up\"><\/i><\/span>\n\t\t\t\t\t\t\t\t\t\t\t\t\t<\/span>\n\t\t\t\t\t\t\t\t\t\t\t\t<a href=\"\" class=\"elementor-toggle-title\">05 - D\u00ea dica aos clientes<\/a>\n\t\t\t\t\t<\/div>\n\n\t\t\t\t\t<div id=\"elementor-tab-content-9375\" class=\"elementor-tab-content elementor-clearfix\" data-tab=\"5\" role=\"tabpanel\" aria-labelledby=\"elementor-tab-title-9375\"><p>D\u00ea dicas para seus clientes sobre o que eles podem fazer em suas casas, e como voc\u00ea pode ajud\u00e1-los nessa empreitada. Alguns podem estar realizando home office, e precisam manter seus ambientes mais agrad\u00e1veis. Como voc\u00ea pode auxili\u00e1-los? Por exemplo, trocar a cor de uma parede escura para claro, para que a ilumina\u00e7\u00e3o fique melhor e ele economize energia, inserir uma textura diferente para renovar o c\u00f4modo e deix\u00e1-lo mais elegante, trocar a cor da cal\u00e7ada ou do muro frontal, entre outros. Use seus conhecimentos a seu favor na hora de vender seu servi\u00e7o.<\/p><\/div>\n\t\t\t\t<\/div>\n\t\t\t\t\t\t\t<div class=\"elementor-toggle-item\">\n\t\t\t\t\t<div id=\"elementor-tab-title-9376\" class=\"elementor-tab-title\" data-tab=\"6\" role=\"tab\" aria-controls=\"elementor-tab-content-9376\" aria-expanded=\"false\">\n\t\t\t\t\t\t\t\t\t\t\t\t<span class=\"elementor-toggle-icon elementor-toggle-icon-left\" aria-hidden=\"true\">\n\t\t\t\t\t\t\t\t\t\t\t\t\t\t\t<span class=\"elementor-toggle-icon-closed\"><i class=\"fas fa-caret-right\"><\/i><\/span>\n\t\t\t\t\t\t\t\t<span class=\"elementor-toggle-icon-opened\"><i class=\"elementor-toggle-icon-opened fas fa-caret-up\"><\/i><\/span>\n\t\t\t\t\t\t\t\t\t\t\t\t\t<\/span>\n\t\t\t\t\t\t\t\t\t\t\t\t<a href=\"\" class=\"elementor-toggle-title\">06 - Monetize outras habilidades<\/a>\n\t\t\t\t\t<\/div>\n\n\t\t\t\t\t<div id=\"elementor-tab-content-9376\" class=\"elementor-tab-content elementor-clearfix\" data-tab=\"6\" role=\"tabpanel\" aria-labelledby=\"elementor-tab-title-9376\"><p>Pense em qual outro tipo de trabalho voc\u00ea pode oferecer aos seus clientes al\u00e9m da pintura, e mostre-se \u00e0 disposi\u00e7\u00e3o para ajudar. Em quais outras atividades voc\u00ea \u00e9 bom em realizar? Explore seus diferentes talentos e diversifique suas possibilidades de trabalho. Comunique a todos os seus contatos que voc\u00ea est\u00e1 dispon\u00edvel para trabalhar nessas novas demandas, e mostre-se disposto a ajud\u00e1-los.<\/p><\/div>\n\t\t\t\t<\/div>\n\t\t\t\t\t\t\t\t<\/div>\n\t\t\t\t<\/div>\n\t\t\t\t<\/div>\n\t\t\t\t\t\t<\/div>\n\t\t\t\t\t<\/div>\n\t\t<\/div>\n\t\t\t\t\t\t\t\t<\/div>\n\t\t\t\t\t<\/div>\n\t\t<\/section>\n\t\t\t\t<section class=\"elementor-section elementor-top-section elementor-element elementor-element-f2a5dd5 elementor-section-boxed elementor-section-height-default elementor-section-height-default\" data-id=\"f2a5dd5\" data-element_type=\"section\">\n\t\t\t\t\t\t<div class=\"elementor-container elementor-column-gap-default\">\n\t\t\t\t\t\t\t<div class=\"elementor-row\">\n\t\t\t\t\t<div class=\"elementor-column elementor-col-100 elementor-top-column elementor-element elementor-element-7edbf0d\" data-id=\"7edbf0d\" data-element_type=\"column\">\n\t\t\t<div class=\"elementor-column-wrap elementor-element-populated\">\n\t\t\t\t\t\t\t<div class=\"elementor-widget-wrap\">\n\t\t\t\t\t\t<div class=\"elementor-element elementor-element-625e105 elementor-widget elementor-widget-text-editor\" data-id=\"625e105\" data-element_type=\"widget\" data-widget_type=\"text-editor.default\">\n\t\t\t\t<div class=\"elementor-widget-container\">\n\t\t\t\t\t\t\t\t<div class=\"elementor-text-editor elementor-clearfix\">\n\t\t\t\t<p>Gostou das dicas? Ent\u00e3o n\u00e3o se esque\u00e7a de compartilhar esse conte\u00fado com seus parceiros que tamb\u00e9m precisam de dicas. E se voc\u00ea deseja ter acesso a mais conte\u00fados como este, basta assinar nossa newsletter e receber tudo em primeira m\u00e3o em seu e-mail.<\/p><p><span style=\"font-size: 1rem;\">Participe tamb\u00e9m da nossa <\/span><b style=\"font-size: 1rem;\">Corrente do Bem<\/b><span style=\"font-size: 1rem;\">: poste seu depoimento em forma de v\u00eddeo, foto ou texto nas redes sociais dizendo como voc\u00ea est\u00e1 superando seus desafios e reinventando sua forma de trabalhar durante esse per\u00edodo.&nbsp;<\/span><\/p>\n<p><span style=\"font-size: 1rem;\">Marque a<\/span><span style=\"font-size: 1rem;\">&nbsp;<\/span><span style=\"font-size: 1rem; font-weight: bold;\">hashtag #CorrenteDoBemHydro&nbsp;<\/span>na publica\u00e7\u00e3o, para que possamos selecionar os depoimentos de v\u00e1rios pintores, reuni-los em nossas redes sociais, e criar essa corrente do bem e da reinven\u00e7\u00e3o, em que todos poder\u00e3o colaborar.<\/p>\n<div>&nbsp;<\/div>\t\t\t\t\t<\/div>\n\t\t\t\t\t\t<\/div>\n\t\t\t\t<\/div>\n\t\t\t\t\t\t<\/div>\n\t\t\t\t\t<\/div>\n\t\t<\/div>\n\t\t\t\t\t\t\t\t<\/div>\n\t\t\t\t\t<\/div>\n\t\t<\/section>\n\t\t\t\t\t\t\t\t\t<\/div>\n\t\t\t<\/div>\n\t\t\t\t\t<\/div>\n\t\t","protected":false},"excerpt":{"rendered":"<p>Pintor: veja dicas da Hydronorth para reinventar sua forma de trabalhar durante a quarentena. Se voc\u00ea \u00e9 pintor, j\u00e1 sabe<span class=\"read-more\">[&hellip;]<\/span><\/p>\n","protected":false},"author":1,"featured_media":0,"parent":0,"menu_order":0,"comment_status":"closed","ping_status":"closed","template":"","meta":[],"yoast_head":"<!-- This site is optimized with the Yoast SEO plugin v17.3 - https:\/\/yoast.com\/wordpress\/plugins\/seo\/ -->\r\n<title>Dicas para Pintores - Hydroresolve<\/title>\r\n<meta name=\"robots\" content=\"index, follow, max-snippet:-1, max-image-preview:large, max-video-preview:-1\" \/>\r\n<link rel=\"canonical\" href=\"https:\/\/www.hydronorth.com.br\/hydroresolve\/reinvente-se-dicas-para-pintores\/\" \/>\r\n<meta property=\"og:locale\" content=\"pt_BR\" \/>\r\n<meta property=\"og:type\" content=\"article\" \/>\r\n<meta property=\"og:title\" content=\"Dicas para Pintores - Hydroresolve\" \/>\r\n<meta property=\"og:description\" content=\"Pintor: veja dicas da Hydronorth para reinventar sua forma de trabalhar durante a quarentena. Se voc\u00ea \u00e9 pintor, j\u00e1 sabe[&hellip;]\" \/>\r\n<meta property=\"og:url\" content=\"https:\/\/www.hydronorth.com.br\/hydroresolve\/reinvente-se-dicas-para-pintores\/\" \/>\r\n<meta property=\"og:site_name\" content=\"Hydroresolve\" \/>\r\n<meta property=\"article:modified_time\" content=\"2020-05-06T14:53:51+00:00\" \/>\r\n<meta property=\"og:image\" content=\"https:\/\/www.hydronorth.com.br\/hydroresolve\/wp-content\/uploads\/2020\/05\/Dicas-para-pintores-1024x282.png\" \/>\r\n<meta name=\"twitter:card\" content=\"summary_large_image\" \/>\r\n<meta name=\"twitter:label1\" content=\"Est. tempo de leitura\" \/>\n\t<meta name=\"twitter:data1\" content=\"4 minutos\" \/>\r\n<script type=\"application\/ld+json\" class=\"yoast-schema-graph\">{\"@context\":\"https:\/\/schema.org\",\"@graph\":[{\"@type\":\"WebSite\",\"@id\":\"https:\/\/www.hydronorth.com.br\/hydroresolve\/#website\",\"url\":\"https:\/\/www.hydronorth.com.br\/hydroresolve\/\",\"name\":\"Hydroresolve\",\"description\":\"\",\"potentialAction\":[{\"@type\":\"SearchAction\",\"target\":{\"@type\":\"EntryPoint\",\"urlTemplate\":\"https:\/\/www.hydronorth.com.br\/hydroresolve\/?s={search_term_string}\"},\"query-input\":\"required name=search_term_string\"}],\"inLanguage\":\"pt-BR\"},{\"@type\":\"ImageObject\",\"@id\":\"https:\/\/www.hydronorth.com.br\/hydroresolve\/reinvente-se-dicas-para-pintores\/#primaryimage\",\"inLanguage\":\"pt-BR\",\"url\":\"https:\/\/www.hydronorth.com.br\/hydroresolve\/wp-content\/uploads\/2020\/05\/Dicas-para-pintores.png\",\"contentUrl\":\"https:\/\/www.hydronorth.com.br\/hydroresolve\/wp-content\/uploads\/2020\/05\/Dicas-para-pintores.png\",\"width\":1024,\"height\":282},{\"@type\":\"WebPage\",\"@id\":\"https:\/\/www.hydronorth.com.br\/hydroresolve\/reinvente-se-dicas-para-pintores\/#webpage\",\"url\":\"https:\/\/www.hydronorth.com.br\/hydroresolve\/reinvente-se-dicas-para-pintores\/\",\"name\":\"Dicas para Pintores - Hydroresolve\",\"isPartOf\":{\"@id\":\"https:\/\/www.hydronorth.com.br\/hydroresolve\/#website\"},\"primaryImageOfPage\":{\"@id\":\"https:\/\/www.hydronorth.com.br\/hydroresolve\/reinvente-se-dicas-para-pintores\/#primaryimage\"},\"datePublished\":\"2020-05-06T14:35:35+00:00\",\"dateModified\":\"2020-05-06T14:53:51+00:00\",\"breadcrumb\":{\"@id\":\"https:\/\/www.hydronorth.com.br\/hydroresolve\/reinvente-se-dicas-para-pintores\/#breadcrumb\"},\"inLanguage\":\"pt-BR\",\"potentialAction\":[{\"@type\":\"ReadAction\",\"target\":[\"https:\/\/www.hydronorth.com.br\/hydroresolve\/reinvente-se-dicas-para-pintores\/\"]}]},{\"@type\":\"BreadcrumbList\",\"@id\":\"https:\/\/www.hydronorth.com.br\/hydroresolve\/reinvente-se-dicas-para-pintores\/#breadcrumb\",\"itemListElement\":[{\"@type\":\"ListItem\",\"position\":1,\"name\":\"In\\u00edcio\",\"item\":\"https:\/\/www.hydronorth.com.br\/hydroresolve\/\"},{\"@type\":\"ListItem\",\"position\":2,\"name\":\"Dicas para Pintores\"}]}]}<\/script>\r\n<!-- \/ Yoast SEO plugin. -->","yoast_head_json":{"title":"Dicas para Pintores - Hydroresolve","robots":{"index":"index","follow":"follow","max-snippet":"max-snippet:-1","max-image-preview":"max-image-preview:large","max-video-preview":"max-video-preview:-1"},"canonical":"https:\/\/www.hydronorth.com.br\/hydroresolve\/reinvente-se-dicas-para-pintores\/","og_locale":"pt_BR","og_type":"article","og_title":"Dicas para Pintores - Hydroresolve","og_description":"Pintor: veja dicas da Hydronorth para reinventar sua forma de trabalhar durante a quarentena. Se voc\u00ea \u00e9 pintor, j\u00e1 sabe[&hellip;]","og_url":"https:\/\/www.hydronorth.com.br\/hydroresolve\/reinvente-se-dicas-para-pintores\/","og_site_name":"Hydroresolve","article_modified_time":"2020-05-06T14:53:51+00:00","og_image":[{"url":"https:\/\/www.hydronorth.com.br\/hydroresolve\/wp-content\/uploads\/2020\/05\/Dicas-para-pintores-1024x282.png"}],"twitter_card":"summary_large_image","twitter_misc":{"Est. tempo de leitura":"4 minutos"},"schema":{"@context":"https:\/\/schema.org","@graph":[{"@type":"WebSite","@id":"https:\/\/www.hydronorth.com.br\/hydroresolve\/#website","url":"https:\/\/www.hydronorth.com.br\/hydroresolve\/","name":"Hydroresolve","description":"","potentialAction":[{"@type":"SearchAction","target":{"@type":"EntryPoint","urlTemplate":"https:\/\/www.hydronorth.com.br\/hydroresolve\/?s={search_term_string}"},"query-input":"required name=search_term_string"}],"inLanguage":"pt-BR"},{"@type":"ImageObject","@id":"https:\/\/www.hydronorth.com.br\/hydroresolve\/reinvente-se-dicas-para-pintores\/#primaryimage","inLanguage":"pt-BR","url":"https:\/\/www.hydronorth.com.br\/hydroresolve\/wp-content\/uploads\/2020\/05\/Dicas-para-pintores.png","contentUrl":"https:\/\/www.hydronorth.com.br\/hydroresolve\/wp-content\/uploads\/2020\/05\/Dicas-para-pintores.png","width":1024,"height":282},{"@type":"WebPage","@id":"https:\/\/www.hydronorth.com.br\/hydroresolve\/reinvente-se-dicas-para-pintores\/#webpage","url":"https:\/\/www.hydronorth.com.br\/hydroresolve\/reinvente-se-dicas-para-pintores\/","name":"Dicas para Pintores - Hydroresolve","isPartOf":{"@id":"https:\/\/www.hydronorth.com.br\/hydroresolve\/#website"},"primaryImageOfPage":{"@id":"https:\/\/www.hydronorth.com.br\/hydroresolve\/reinvente-se-dicas-para-pintores\/#primaryimage"},"datePublished":"2020-05-06T14:35:35+00:00","dateModified":"2020-05-06T14:53:51+00:00","breadcrumb":{"@id":"https:\/\/www.hydronorth.com.br\/hydroresolve\/reinvente-se-dicas-para-pintores\/#breadcrumb"},"inLanguage":"pt-BR","potentialAction":[{"@type":"ReadAction","target":["https:\/\/www.hydronorth.com.br\/hydroresolve\/reinvente-se-dicas-para-pintores\/"]}]},{"@type":"BreadcrumbList","@id":"https:\/\/www.hydronorth.com.br\/hydroresolve\/reinvente-se-dicas-para-pintores\/#breadcrumb","itemListElement":[{"@type":"ListItem","position":1,"name":"In\u00edcio","item":"https:\/\/www.hydronorth.com.br\/hydroresolve\/"},{"@type":"ListItem","position":2,"name":"Dicas para Pintores"}]}]}},"_links":{"self":[{"href":"https:\/\/www.hydronorth.com.br\/hydroresolve\/wp-json\/wp\/v2\/pages\/814"}],"collection":[{"href":"https:\/\/www.hydronorth.com.br\/hydroresolve\/wp-json\/wp\/v2\/pages"}],"about":[{"href":"https:\/\/www.hydronorth.com.br\/hydroresolve\/wp-json\/wp\/v2\/types\/page"}],"author":[{"embeddable":true,"href":"https:\/\/www.hydronorth.com.br\/hydroresolve\/wp-json\/wp\/v2\/users\/1"}],"replies":[{"embeddable":true,"href":"https:\/\/www.hydronorth.com.br\/hydroresolve\/wp-json\/wp\/v2\/comments?post=814"}],"version-history":[{"count":6,"href":"https:\/\/www.hydronorth.com.br\/hydroresolve\/wp-json\/wp\/v2\/pages\/814\/revisions"}],"predecessor-version":[{"id":824,"href":"https:\/\/www.hydronorth.com.br\/hydroresolve\/wp-json\/wp\/v2\/pages\/814\/revisions\/824"}],"wp:attachment":[{"href":"https:\/\/www.hydronorth.com.br\/hydroresolve\/wp-json\/wp\/v2\/media?parent=814"}],"curies":[{"name":"wp","href":"https:\/\/api.w.org\/{rel}","templated":true}]}}