{"id":783,"date":"2020-05-05T19:41:03","date_gmt":"2020-05-05T22:41:03","guid":{"rendered":"http:\/\/www.hydronorth.com.br\/hydroresolve\/?page_id=783"},"modified":"2020-05-06T17:29:37","modified_gmt":"2020-05-06T20:29:37","slug":"reinvente-se","status":"publish","type":"page","link":"https:\/\/www.hydronorth.com.br\/hydroresolve\/reinvente-se\/","title":{"rendered":"Reinvente-se"},"content":{"rendered":"\t\t<div data-elementor-type=\"wp-page\" data-elementor-id=\"783\" class=\"elementor elementor-783\">\n\t\t\t\t\t\t<div class=\"elementor-inner\">\n\t\t\t\t<div class=\"elementor-section-wrap\">\n\t\t\t\t\t\t\t\t\t<section class=\"elementor-section elementor-top-section elementor-element elementor-element-7837262 elementor-section-boxed elementor-section-height-default elementor-section-height-default\" data-id=\"7837262\" data-element_type=\"section\">\n\t\t\t\t\t\t<div class=\"elementor-container elementor-column-gap-default\">\n\t\t\t\t\t\t\t<div class=\"elementor-row\">\n\t\t\t\t\t<div class=\"elementor-column elementor-col-100 elementor-top-column elementor-element elementor-element-1c5ba1b\" data-id=\"1c5ba1b\" data-element_type=\"column\">\n\t\t\t<div class=\"elementor-column-wrap elementor-element-populated\">\n\t\t\t\t\t\t\t<div class=\"elementor-widget-wrap\">\n\t\t\t\t\t\t<div class=\"elementor-element elementor-element-41693a4 elementor-widget elementor-widget-image\" data-id=\"41693a4\" data-element_type=\"widget\" data-widget_type=\"image.default\">\n\t\t\t\t<div class=\"elementor-widget-container\">\n\t\t\t\t\t\t\t\t<div class=\"elementor-image\">\n\t\t\t\t\t\t\t\t\t\t\t\t<img width=\"640\" height=\"215\" src=\"https:\/\/www.hydronorth.com.br\/hydroresolve\/wp-content\/uploads\/2020\/05\/TOPO-geral-Reinvente-se.png\" class=\"attachment-large size-large\" alt=\"\" loading=\"lazy\" srcset=\"https:\/\/www.hydronorth.com.br\/hydroresolve\/wp-content\/uploads\/2020\/05\/TOPO-geral-Reinvente-se.png 649w, https:\/\/www.hydronorth.com.br\/hydroresolve\/wp-content\/uploads\/2020\/05\/TOPO-geral-Reinvente-se-300x101.png 300w, https:\/\/www.hydronorth.com.br\/hydroresolve\/wp-content\/uploads\/2020\/05\/TOPO-geral-Reinvente-se-400x134.png 400w\" sizes=\"(max-width: 640px) 100vw, 640px\" \/>\t\t\t\t\t\t\t\t\t\t\t\t\t\t<\/div>\n\t\t\t\t\t\t<\/div>\n\t\t\t\t<\/div>\n\t\t\t\t\t\t<\/div>\n\t\t\t\t\t<\/div>\n\t\t<\/div>\n\t\t\t\t\t\t\t\t<\/div>\n\t\t\t\t\t<\/div>\n\t\t<\/section>\n\t\t\t\t<section class=\"elementor-section elementor-top-section elementor-element elementor-element-cd2d607 elementor-section-boxed elementor-section-height-default elementor-section-height-default\" data-id=\"cd2d607\" data-element_type=\"section\">\n\t\t\t\t\t\t<div class=\"elementor-container elementor-column-gap-default\">\n\t\t\t\t\t\t\t<div class=\"elementor-row\">\n\t\t\t\t\t<div class=\"elementor-column elementor-col-50 elementor-top-column elementor-element elementor-element-be8ceaa\" data-id=\"be8ceaa\" data-element_type=\"column\">\n\t\t\t<div class=\"elementor-column-wrap elementor-element-populated\">\n\t\t\t\t\t\t\t<div class=\"elementor-widget-wrap\">\n\t\t\t\t\t\t<div class=\"elementor-element elementor-element-e3043d6 elementor-position-top elementor-vertical-align-top elementor-widget elementor-widget-image-box\" data-id=\"e3043d6\" data-element_type=\"widget\" data-widget_type=\"image-box.default\">\n\t\t\t\t<div class=\"elementor-widget-container\">\n\t\t\t<div class=\"elementor-image-box-wrapper\"><figure class=\"elementor-image-box-img\"><a href=\"http:\/\/www.hydronorth.com.br\/hydroresolve\/reinvente-se-dicas-para-lojistas\/\"><img width=\"1024\" height=\"768\" src=\"https:\/\/www.hydronorth.com.br\/hydroresolve\/wp-content\/uploads\/2020\/05\/banner-lojista.png\" class=\"attachment-full size-full\" alt=\"\" loading=\"lazy\" \/><\/a><\/figure><div class=\"elementor-image-box-content\"><h3 class=\"elementor-image-box-title\"><a href=\"http:\/\/www.hydronorth.com.br\/hydroresolve\/reinvente-se-dicas-para-lojistas\/\">Lojista<\/a><\/h3><p class=\"elementor-image-box-description\">Veja como oferecer a seus clientes alternativas para vender seus produtos e continuar lucrando durante a quarentena.<\/p><\/div><\/div>\t\t<\/div>\n\t\t\t\t<\/div>\n\t\t\t\t\t\t<\/div>\n\t\t\t\t\t<\/div>\n\t\t<\/div>\n\t\t\t\t<div class=\"elementor-column elementor-col-50 elementor-top-column elementor-element elementor-element-43fa0e6\" data-id=\"43fa0e6\" data-element_type=\"column\">\n\t\t\t<div class=\"elementor-column-wrap elementor-element-populated\">\n\t\t\t\t\t\t\t<div class=\"elementor-widget-wrap\">\n\t\t\t\t\t\t<div class=\"elementor-element elementor-element-703d9d1 elementor-position-top elementor-vertical-align-top elementor-widget elementor-widget-image-box\" data-id=\"703d9d1\" data-element_type=\"widget\" data-widget_type=\"image-box.default\">\n\t\t\t\t<div class=\"elementor-widget-container\">\n\t\t\t<div class=\"elementor-image-box-wrapper\"><figure class=\"elementor-image-box-img\"><a href=\"http:\/\/www.hydronorth.com.br\/hydroresolve\/reinvente-se-dicas-para-pintores\/\"><img width=\"1024\" height=\"768\" src=\"https:\/\/www.hydronorth.com.br\/hydroresolve\/wp-content\/uploads\/2020\/05\/banner-pintores.png\" class=\"attachment-full size-full\" alt=\"\" loading=\"lazy\" \/><\/a><\/figure><div class=\"elementor-image-box-content\"><h3 class=\"elementor-image-box-title\"><a href=\"http:\/\/www.hydronorth.com.br\/hydroresolve\/reinvente-se-dicas-para-pintores\/\">Pintor<\/a><\/h3><p class=\"elementor-image-box-description\">Conhe\u00e7a as melhores maneiras de continuar trabalhando com seguran\u00e7a e inova\u00e7\u00e3o durante a quarentena.<\/p><\/div><\/div>\t\t<\/div>\n\t\t\t\t<\/div>\n\t\t\t\t\t\t<\/div>\n\t\t\t\t\t<\/div>\n\t\t<\/div>\n\t\t\t\t\t\t\t\t<\/div>\n\t\t\t\t\t<\/div>\n\t\t<\/section>\n\t\t\t\t\t\t\t\t\t<\/div>\n\t\t\t<\/div>\n\t\t\t\t\t<\/div>\n\t\t","protected":false},"excerpt":{"rendered":"<p>Lojista Veja como oferecer a seus clientes alternativas para vender seus produtos e continuar lucrando durante a quarentena. Pintor Conhe\u00e7a<span class=\"read-more\">[&hellip;]<\/span><\/p>\n","protected":false},"author":1,"featured_media":790,"parent":0,"menu_order":0,"comment_status":"closed","ping_status":"closed","template":"","meta":[],"yoast_head":"<!-- This site is optimized with the Yoast SEO plugin v17.3 - https:\/\/yoast.com\/wordpress\/plugins\/seo\/ -->\r\n<title>Reinvente-se - Hydroresolve<\/title>\r\n<meta name=\"robots\" content=\"index, follow, max-snippet:-1, max-image-preview:large, max-video-preview:-1\" \/>\r\n<link rel=\"canonical\" href=\"https:\/\/www.hydronorth.com.br\/hydroresolve\/reinvente-se\/\" \/>\r\n<meta property=\"og:locale\" content=\"pt_BR\" \/>\r\n<meta property=\"og:type\" content=\"article\" \/>\r\n<meta property=\"og:title\" content=\"Reinvente-se - Hydroresolve\" \/>\r\n<meta property=\"og:description\" content=\"Lojista Veja como oferecer a seus clientes alternativas para vender seus produtos e continuar lucrando durante a quarentena. Pintor Conhe\u00e7a[&hellip;]\" \/>\r\n<meta property=\"og:url\" content=\"https:\/\/www.hydronorth.com.br\/hydroresolve\/reinvente-se\/\" \/>\r\n<meta property=\"og:site_name\" content=\"Hydroresolve\" \/>\r\n<meta property=\"article:modified_time\" content=\"2020-05-06T20:29:37+00:00\" \/>\r\n<meta property=\"og:image\" content=\"https:\/\/www.hydronorth.com.br\/hydroresolve\/wp-content\/uploads\/2020\/05\/TOPO-geral-Reinvente-se.png\" \/>\r\n\t<meta property=\"og:image:width\" content=\"649\" \/>\r\n\t<meta property=\"og:image:height\" content=\"218\" \/>\r\n<meta name=\"twitter:card\" content=\"summary_large_image\" \/>\r\n<script type=\"application\/ld+json\" class=\"yoast-schema-graph\">{\"@context\":\"https:\/\/schema.org\",\"@graph\":[{\"@type\":\"WebSite\",\"@id\":\"https:\/\/www.hydronorth.com.br\/hydroresolve\/#website\",\"url\":\"https:\/\/www.hydronorth.com.br\/hydroresolve\/\",\"name\":\"Hydroresolve\",\"description\":\"\",\"potentialAction\":[{\"@type\":\"SearchAction\",\"target\":{\"@type\":\"EntryPoint\",\"urlTemplate\":\"https:\/\/www.hydronorth.com.br\/hydroresolve\/?s={search_term_string}\"},\"query-input\":\"required name=search_term_string\"}],\"inLanguage\":\"pt-BR\"},{\"@type\":\"ImageObject\",\"@id\":\"https:\/\/www.hydronorth.com.br\/hydroresolve\/reinvente-se\/#primaryimage\",\"inLanguage\":\"pt-BR\",\"url\":\"https:\/\/www.hydronorth.com.br\/hydroresolve\/wp-content\/uploads\/2020\/05\/TOPO-geral-Reinvente-se.png\",\"contentUrl\":\"https:\/\/www.hydronorth.com.br\/hydroresolve\/wp-content\/uploads\/2020\/05\/TOPO-geral-Reinvente-se.png\",\"width\":649,\"height\":218},{\"@type\":\"WebPage\",\"@id\":\"https:\/\/www.hydronorth.com.br\/hydroresolve\/reinvente-se\/#webpage\",\"url\":\"https:\/\/www.hydronorth.com.br\/hydroresolve\/reinvente-se\/\",\"name\":\"Reinvente-se - Hydroresolve\",\"isPartOf\":{\"@id\":\"https:\/\/www.hydronorth.com.br\/hydroresolve\/#website\"},\"primaryImageOfPage\":{\"@id\":\"https:\/\/www.hydronorth.com.br\/hydroresolve\/reinvente-se\/#primaryimage\"},\"datePublished\":\"2020-05-05T22:41:03+00:00\",\"dateModified\":\"2020-05-06T20:29:37+00:00\",\"breadcrumb\":{\"@id\":\"https:\/\/www.hydronorth.com.br\/hydroresolve\/reinvente-se\/#breadcrumb\"},\"inLanguage\":\"pt-BR\",\"potentialAction\":[{\"@type\":\"ReadAction\",\"target\":[\"https:\/\/www.hydronorth.com.br\/hydroresolve\/reinvente-se\/\"]}]},{\"@type\":\"BreadcrumbList\",\"@id\":\"https:\/\/www.hydronorth.com.br\/hydroresolve\/reinvente-se\/#breadcrumb\",\"itemListElement\":[{\"@type\":\"ListItem\",\"position\":1,\"name\":\"In\\u00edcio\",\"item\":\"https:\/\/www.hydronorth.com.br\/hydroresolve\/\"},{\"@type\":\"ListItem\",\"position\":2,\"name\":\"Reinvente-se\"}]}]}<\/script>\r\n<!-- \/ Yoast SEO plugin. -->","yoast_head_json":{"title":"Reinvente-se - Hydroresolve","robots":{"index":"index","follow":"follow","max-snippet":"max-snippet:-1","max-image-preview":"max-image-preview:large","max-video-preview":"max-video-preview:-1"},"canonical":"https:\/\/www.hydronorth.com.br\/hydroresolve\/reinvente-se\/","og_locale":"pt_BR","og_type":"article","og_title":"Reinvente-se - Hydroresolve","og_description":"Lojista Veja como oferecer a seus clientes alternativas para vender seus produtos e continuar lucrando durante a quarentena. Pintor Conhe\u00e7a[&hellip;]","og_url":"https:\/\/www.hydronorth.com.br\/hydroresolve\/reinvente-se\/","og_site_name":"Hydroresolve","article_modified_time":"2020-05-06T20:29:37+00:00","og_image":[{"width":649,"height":218,"url":"https:\/\/www.hydronorth.com.br\/hydroresolve\/wp-content\/uploads\/2020\/05\/TOPO-geral-Reinvente-se.png","type":"image\/png"}],"twitter_card":"summary_large_image","schema":{"@context":"https:\/\/schema.org","@graph":[{"@type":"WebSite","@id":"https:\/\/www.hydronorth.com.br\/hydroresolve\/#website","url":"https:\/\/www.hydronorth.com.br\/hydroresolve\/","name":"Hydroresolve","description":"","potentialAction":[{"@type":"SearchAction","target":{"@type":"EntryPoint","urlTemplate":"https:\/\/www.hydronorth.com.br\/hydroresolve\/?s={search_term_string}"},"query-input":"required name=search_term_string"}],"inLanguage":"pt-BR"},{"@type":"ImageObject","@id":"https:\/\/www.hydronorth.com.br\/hydroresolve\/reinvente-se\/#primaryimage","inLanguage":"pt-BR","url":"https:\/\/www.hydronorth.com.br\/hydroresolve\/wp-content\/uploads\/2020\/05\/TOPO-geral-Reinvente-se.png","contentUrl":"https:\/\/www.hydronorth.com.br\/hydroresolve\/wp-content\/uploads\/2020\/05\/TOPO-geral-Reinvente-se.png","width":649,"height":218},{"@type":"WebPage","@id":"https:\/\/www.hydronorth.com.br\/hydroresolve\/reinvente-se\/#webpage","url":"https:\/\/www.hydronorth.com.br\/hydroresolve\/reinvente-se\/","name":"Reinvente-se - Hydroresolve","isPartOf":{"@id":"https:\/\/www.hydronorth.com.br\/hydroresolve\/#website"},"primaryImageOfPage":{"@id":"https:\/\/www.hydronorth.com.br\/hydroresolve\/reinvente-se\/#primaryimage"},"datePublished":"2020-05-05T22:41:03+00:00","dateModified":"2020-05-06T20:29:37+00:00","breadcrumb":{"@id":"https:\/\/www.hydronorth.com.br\/hydroresolve\/reinvente-se\/#breadcrumb"},"inLanguage":"pt-BR","potentialAction":[{"@type":"ReadAction","target":["https:\/\/www.hydronorth.com.br\/hydroresolve\/reinvente-se\/"]}]},{"@type":"BreadcrumbList","@id":"https:\/\/www.hydronorth.com.br\/hydroresolve\/reinvente-se\/#breadcrumb","itemListElement":[{"@type":"ListItem","position":1,"name":"In\u00edcio","item":"https:\/\/www.hydronorth.com.br\/hydroresolve\/"},{"@type":"ListItem","position":2,"name":"Reinvente-se"}]}]}},"_links":{"self":[{"href":"https:\/\/www.hydronorth.com.br\/hydroresolve\/wp-json\/wp\/v2\/pages\/783"}],"collection":[{"href":"https:\/\/www.hydronorth.com.br\/hydroresolve\/wp-json\/wp\/v2\/pages"}],"about":[{"href":"https:\/\/www.hydronorth.com.br\/hydroresolve\/wp-json\/wp\/v2\/types\/page"}],"author":[{"embeddable":true,"href":"https:\/\/www.hydronorth.com.br\/hydroresolve\/wp-json\/wp\/v2\/users\/1"}],"replies":[{"embeddable":true,"href":"https:\/\/www.hydronorth.com.br\/hydroresolve\/wp-json\/wp\/v2\/comments?post=783"}],"version-history":[{"count":13,"href":"https:\/\/www.hydronorth.com.br\/hydroresolve\/wp-json\/wp\/v2\/pages\/783\/revisions"}],"predecessor-version":[{"id":1241,"href":"https:\/\/www.hydronorth.com.br\/hydroresolve\/wp-json\/wp\/v2\/pages\/783\/revisions\/1241"}],"wp:featuredmedia":[{"embeddable":true,"href":"https:\/\/www.hydronorth.com.br\/hydroresolve\/wp-json\/wp\/v2\/media\/790"}],"wp:attachment":[{"href":"https:\/\/www.hydronorth.com.br\/hydroresolve\/wp-json\/wp\/v2\/media?parent=783"}],"curies":[{"name":"wp","href":"https:\/\/api.w.org\/{rel}","templated":true}]}}