{"id":600,"date":"2020-01-27T19:49:43","date_gmt":"2020-01-27T19:49:43","guid":{"rendered":"http:\/\/www.hydronorth.com.br\/hydroresolve\/?page_id=600"},"modified":"2025-10-10T11:56:03","modified_gmt":"2025-10-10T14:56:03","slug":"materiais-gratuitos","status":"publish","type":"page","link":"https:\/\/www.hydronorth.com.br\/hydroresolve\/materiais-gratuitos\/","title":{"rendered":"Materiais Gratuitos"},"content":{"rendered":"\t\t<div data-elementor-type=\"wp-post\" data-elementor-id=\"600\" class=\"elementor elementor-600\">\n\t\t\t\t\t\t<div class=\"elementor-inner\">\n\t\t\t\t<div class=\"elementor-section-wrap\">\n\t\t\t\t\t\t\t\t\t<section class=\"elementor-section elementor-top-section elementor-element elementor-element-bda4a6d elementor-section-full_width elementor-section-height-default elementor-section-height-default\" data-id=\"bda4a6d\" data-element_type=\"section\">\n\t\t\t\t\t\t<div class=\"elementor-container elementor-column-gap-extended\">\n\t\t\t\t\t\t\t<div class=\"elementor-row\">\n\t\t\t\t\t<div class=\"elementor-column elementor-col-50 elementor-top-column elementor-element elementor-element-1e930c6\" data-id=\"1e930c6\" data-element_type=\"column\">\n\t\t\t<div class=\"elementor-column-wrap\">\n\t\t\t\t\t\t\t<div class=\"elementor-widget-wrap\">\n\t\t\t\t\t\t\t\t<\/div>\n\t\t\t\t\t<\/div>\n\t\t<\/div>\n\t\t\t\t<div class=\"elementor-column elementor-col-50 elementor-top-column elementor-element elementor-element-edca863\" data-id=\"edca863\" data-element_type=\"column\">\n\t\t\t<div class=\"elementor-column-wrap\">\n\t\t\t\t\t\t\t<div class=\"elementor-widget-wrap\">\n\t\t\t\t\t\t\t\t<\/div>\n\t\t\t\t\t<\/div>\n\t\t<\/div>\n\t\t\t\t\t\t\t\t<\/div>\n\t\t\t\t\t<\/div>\n\t\t<\/section>\n\t\t\t\t<section class=\"elementor-section elementor-top-section elementor-element elementor-element-2287592 elementor-section-boxed elementor-section-height-default elementor-section-height-default\" data-id=\"2287592\" data-element_type=\"section\">\n\t\t\t\t\t\t<div class=\"elementor-container elementor-column-gap-default\">\n\t\t\t\t\t\t\t<div class=\"elementor-row\">\n\t\t\t\t\t<div class=\"elementor-column elementor-col-100 elementor-top-column elementor-element elementor-element-104c2f8\" data-id=\"104c2f8\" data-element_type=\"column\">\n\t\t\t<div class=\"elementor-column-wrap elementor-element-populated\">\n\t\t\t\t\t\t\t<div class=\"elementor-widget-wrap\">\n\t\t\t\t\t\t<div class=\"elementor-element elementor-element-30b9020 elementor-widget elementor-widget-heading\" data-id=\"30b9020\" data-element_type=\"widget\" data-widget_type=\"heading.default\">\n\t\t\t\t<div class=\"elementor-widget-container\">\n\t\t\t<h2 class=\"elementor-heading-title elementor-size-default\">Conte\u00fados exclusivos para pintores, lojistas, arquitetos e voc\u00ea cliente!<\/h2>\t\t<\/div>\n\t\t\t\t<\/div>\n\t\t\t\t<div class=\"elementor-element elementor-element-0b5ca45 elementor-widget elementor-widget-text-editor\" data-id=\"0b5ca45\" data-element_type=\"widget\" data-widget_type=\"text-editor.default\">\n\t\t\t\t<div class=\"elementor-widget-container\">\n\t\t\t\t\t\t\t\t<div class=\"elementor-text-editor elementor-clearfix\">\n\t\t\t\t<p>Os conte\u00fados s\u00e3o para todos: arquitetos, pintores, decoradores e consumidores que querem construir ou reformar. Conhe\u00e7a os produtos Hydronorth, acesse os conte\u00fados, aproveite a leitura e aplique-os em seus projetos.<\/p>\t\t\t\t\t<\/div>\n\t\t\t\t\t\t<\/div>\n\t\t\t\t<\/div>\n\t\t\t\t\t\t<\/div>\n\t\t\t\t\t<\/div>\n\t\t<\/div>\n\t\t\t\t\t\t\t\t<\/div>\n\t\t\t\t\t<\/div>\n\t\t<\/section>\n\t\t\t\t<section class=\"elementor-section elementor-top-section elementor-element elementor-element-8b63386 elementor-section-boxed elementor-section-height-default elementor-section-height-default\" data-id=\"8b63386\" data-element_type=\"section\">\n\t\t\t\t\t\t<div class=\"elementor-container elementor-column-gap-default\">\n\t\t\t\t\t\t\t<div class=\"elementor-row\">\n\t\t\t\t\t<div class=\"elementor-column elementor-col-33 elementor-top-column elementor-element elementor-element-7d3065c\" data-id=\"7d3065c\" data-element_type=\"column\">\n\t\t\t<div class=\"elementor-column-wrap elementor-element-populated\">\n\t\t\t\t\t\t\t<div class=\"elementor-widget-wrap\">\n\t\t\t\t\t\t<div class=\"elementor-element elementor-element-d578e7a elementor-position-top elementor-vertical-align-top elementor-widget elementor-widget-image-box\" data-id=\"d578e7a\" data-element_type=\"widget\" data-widget_type=\"image-box.default\">\n\t\t\t\t<div class=\"elementor-widget-container\">\n\t\t\t<div class=\"elementor-image-box-wrapper\"><figure class=\"elementor-image-box-img\"><a href=\"https:\/\/marketing.hydronorth.com.br\/e-book-tudo-o-que-voce-precisa-saber-para-manter-sua-casa-protegida-dos-efeitos-do-tempo?utm_source=blog&#038;utm_medium=organic&#038;utm_campaign=materiais_gratuitos_blog\" target=\"_blank\"><img width=\"300\" height=\"300\" src=\"https:\/\/www.hydronorth.com.br\/hydroresolve\/wp-content\/uploads\/2022\/03\/Tudo-o-que-voce-precisa-saber-para-manter-sua-casa-protegida-dos-efeitos-do-tempo.jpg\" class=\"attachment-medium size-medium\" alt=\"\" loading=\"lazy\" \/><\/a><\/figure><div class=\"elementor-image-box-content\"><h3 class=\"elementor-image-box-title\"><a href=\"https:\/\/marketing.hydronorth.com.br\/e-book-tudo-o-que-voce-precisa-saber-para-manter-sua-casa-protegida-dos-efeitos-do-tempo?utm_source=blog&#038;utm_medium=organic&#038;utm_campaign=materiais_gratuitos_blog\" target=\"_blank\">Como se proteger dos efeitos do tempo<\/a><\/h3><p class=\"elementor-image-box-description\">[E-BOOK] - Tudo o que voc\u00ea precisa saber para manter sua casa protegida dos efeitos...<\/p><\/div><\/div>\t\t<\/div>\n\t\t\t\t<\/div>\n\t\t\t\t<div class=\"elementor-element elementor-element-6842948 elementor-align-center elementor-widget elementor-widget-button\" data-id=\"6842948\" data-element_type=\"widget\" data-widget_type=\"button.default\">\n\t\t\t\t<div class=\"elementor-widget-container\">\n\t\t\t\t\t<div class=\"elementor-button-wrapper\">\n\t\t\t<a href=\"https:\/\/marketing.hydronorth.com.br\/e-book-tudo-o-que-voce-precisa-saber-para-manter-sua-casa-protegida-dos-efeitos-do-tempo?utm_source=blog&#038;utm_medium=organic&#038;utm_campaign=materiais_gratuitos_blog\" target=\"_blank\" class=\"elementor-button-link elementor-button elementor-size-xs\" role=\"button\">\n\t\t\t\t\t\t<span class=\"elementor-button-content-wrapper\">\n\t\t\t\t\t\t\t<span class=\"elementor-button-icon elementor-align-icon-left\">\n\t\t\t\t<i aria-hidden=\"true\" class=\"far fa-arrow-alt-circle-down\"><\/i>\t\t\t<\/span>\n\t\t\t\t\t\t<span class=\"elementor-button-text\">Baixar material<\/span>\n\t\t<\/span>\n\t\t\t\t\t<\/a>\n\t\t<\/div>\n\t\t\t\t<\/div>\n\t\t\t\t<\/div>\n\t\t\t\t\t\t<\/div>\n\t\t\t\t\t<\/div>\n\t\t<\/div>\n\t\t\t\t<div class=\"elementor-column elementor-col-33 elementor-top-column elementor-element elementor-element-776c850\" data-id=\"776c850\" data-element_type=\"column\">\n\t\t\t<div class=\"elementor-column-wrap elementor-element-populated\">\n\t\t\t\t\t\t\t<div class=\"elementor-widget-wrap\">\n\t\t\t\t\t\t<div class=\"elementor-element elementor-element-22be827 elementor-position-top elementor-vertical-align-top elementor-widget elementor-widget-image-box\" data-id=\"22be827\" data-element_type=\"widget\" data-widget_type=\"image-box.default\">\n\t\t\t\t<div class=\"elementor-widget-container\">\n\t\t\t<div class=\"elementor-image-box-wrapper\"><figure class=\"elementor-image-box-img\"><a href=\"https:\/\/marketing.hydronorth.com.br\/tinta-para-pintar-cada-ambiente?utm_source=blog&#038;utm_medium=organic&#038;utm_campaign=materiais_gratuitos_blog\" target=\"_blank\"><img width=\"300\" height=\"300\" src=\"https:\/\/www.hydronorth.com.br\/hydroresolve\/wp-content\/uploads\/2020\/01\/ebook-300x300.jpg\" class=\"attachment-medium size-medium\" alt=\"Gui Completo: Acerte na escolha da tinta para pintar cada ambiente\" loading=\"lazy\" \/><\/a><\/figure><div class=\"elementor-image-box-content\"><h3 class=\"elementor-image-box-title\"><a href=\"https:\/\/marketing.hydronorth.com.br\/tinta-para-pintar-cada-ambiente?utm_source=blog&#038;utm_medium=organic&#038;utm_campaign=materiais_gratuitos_blog\" target=\"_blank\">Acerte na escolha da tinta na hora de pintar<\/a><\/h3><p class=\"elementor-image-box-description\">[E-BOOK] -  Guia completo: Acerte na escolha da tinta para pintar cada ambiente<\/p><\/div><\/div>\t\t<\/div>\n\t\t\t\t<\/div>\n\t\t\t\t<div class=\"elementor-element elementor-element-59c3773 elementor-align-center elementor-widget elementor-widget-button\" data-id=\"59c3773\" data-element_type=\"widget\" data-widget_type=\"button.default\">\n\t\t\t\t<div class=\"elementor-widget-container\">\n\t\t\t\t\t<div class=\"elementor-button-wrapper\">\n\t\t\t<a href=\"https:\/\/marketing.hydronorth.com.br\/tinta-para-pintar-cada-ambiente?utm_source=blog&#038;utm_medium=organic&#038;utm_campaign=materiais_gratuitos_blog\" target=\"_blank\" class=\"elementor-button-link elementor-button elementor-size-xs\" role=\"button\">\n\t\t\t\t\t\t<span class=\"elementor-button-content-wrapper\">\n\t\t\t\t\t\t\t<span class=\"elementor-button-icon elementor-align-icon-left\">\n\t\t\t\t<i aria-hidden=\"true\" class=\"far fa-arrow-alt-circle-down\"><\/i>\t\t\t<\/span>\n\t\t\t\t\t\t<span class=\"elementor-button-text\">Baixar material<\/span>\n\t\t<\/span>\n\t\t\t\t\t<\/a>\n\t\t<\/div>\n\t\t\t\t<\/div>\n\t\t\t\t<\/div>\n\t\t\t\t\t\t<\/div>\n\t\t\t\t\t<\/div>\n\t\t<\/div>\n\t\t\t\t<div class=\"elementor-column elementor-col-33 elementor-top-column elementor-element elementor-element-44e0929\" data-id=\"44e0929\" data-element_type=\"column\">\n\t\t\t<div class=\"elementor-column-wrap\">\n\t\t\t\t\t\t\t<div class=\"elementor-widget-wrap\">\n\t\t\t\t\t\t\t\t<\/div>\n\t\t\t\t\t<\/div>\n\t\t<\/div>\n\t\t\t\t\t\t\t\t<\/div>\n\t\t\t\t\t<\/div>\n\t\t<\/section>\n\t\t\t\t\t\t\t\t\t<\/div>\n\t\t\t<\/div>\n\t\t\t\t\t<\/div>\n\t\t","protected":false},"excerpt":{"rendered":"<p>Conte\u00fados exclusivos para pintores, lojistas, arquitetos e voc\u00ea cliente! Os conte\u00fados s\u00e3o para todos: arquitetos, pintores, decoradores e consumidores que<span class=\"read-more\">[&hellip;]<\/span><\/p>\n","protected":false},"author":1,"featured_media":0,"parent":0,"menu_order":0,"comment_status":"closed","ping_status":"closed","template":"","meta":[],"yoast_head":"<!-- This site is optimized with the Yoast SEO plugin v17.3 - https:\/\/yoast.com\/wordpress\/plugins\/seo\/ -->\r\n<title>Materiais Gratuitos - Hydroresolve<\/title>\r\n<meta name=\"robots\" content=\"index, follow, max-snippet:-1, max-image-preview:large, max-video-preview:-1\" \/>\r\n<link rel=\"canonical\" href=\"https:\/\/www.hydronorth.com.br\/hydroresolve\/materiais-gratuitos\/\" \/>\r\n<meta property=\"og:locale\" content=\"pt_BR\" \/>\r\n<meta property=\"og:type\" content=\"article\" \/>\r\n<meta property=\"og:title\" content=\"Materiais Gratuitos - Hydroresolve\" \/>\r\n<meta property=\"og:description\" content=\"Conte\u00fados exclusivos para pintores, lojistas, arquitetos e voc\u00ea cliente! Os conte\u00fados s\u00e3o para todos: arquitetos, pintores, decoradores e consumidores que[&hellip;]\" \/>\r\n<meta property=\"og:url\" content=\"https:\/\/www.hydronorth.com.br\/hydroresolve\/materiais-gratuitos\/\" \/>\r\n<meta property=\"og:site_name\" content=\"Hydroresolve\" \/>\r\n<meta property=\"article:modified_time\" content=\"2025-10-10T14:56:03+00:00\" \/>\r\n<meta property=\"og:image\" content=\"https:\/\/www.hydronorth.com.br\/hydroresolve\/wp-content\/uploads\/2022\/03\/Tudo-o-que-voce-precisa-saber-para-manter-sua-casa-protegida-dos-efeitos-do-tempo.jpg\" \/>\r\n<meta name=\"twitter:card\" content=\"summary_large_image\" \/>\r\n<meta name=\"twitter:label1\" content=\"Est. tempo de leitura\" \/>\n\t<meta name=\"twitter:data1\" content=\"2 minutos\" \/>\r\n<script type=\"application\/ld+json\" class=\"yoast-schema-graph\">{\"@context\":\"https:\/\/schema.org\",\"@graph\":[{\"@type\":\"WebSite\",\"@id\":\"https:\/\/www.hydronorth.com.br\/hydroresolve\/#website\",\"url\":\"https:\/\/www.hydronorth.com.br\/hydroresolve\/\",\"name\":\"Hydroresolve\",\"description\":\"\",\"potentialAction\":[{\"@type\":\"SearchAction\",\"target\":{\"@type\":\"EntryPoint\",\"urlTemplate\":\"https:\/\/www.hydronorth.com.br\/hydroresolve\/?s={search_term_string}\"},\"query-input\":\"required name=search_term_string\"}],\"inLanguage\":\"pt-BR\"},{\"@type\":\"ImageObject\",\"@id\":\"https:\/\/www.hydronorth.com.br\/hydroresolve\/materiais-gratuitos\/#primaryimage\",\"inLanguage\":\"pt-BR\",\"url\":\"https:\/\/www.hydronorth.com.br\/hydroresolve\/wp-content\/uploads\/2022\/03\/Tudo-o-que-voce-precisa-saber-para-manter-sua-casa-protegida-dos-efeitos-do-tempo.jpg\",\"contentUrl\":\"https:\/\/www.hydronorth.com.br\/hydroresolve\/wp-content\/uploads\/2022\/03\/Tudo-o-que-voce-precisa-saber-para-manter-sua-casa-protegida-dos-efeitos-do-tempo.jpg\",\"width\":300,\"height\":300},{\"@type\":\"WebPage\",\"@id\":\"https:\/\/www.hydronorth.com.br\/hydroresolve\/materiais-gratuitos\/#webpage\",\"url\":\"https:\/\/www.hydronorth.com.br\/hydroresolve\/materiais-gratuitos\/\",\"name\":\"Materiais Gratuitos - Hydroresolve\",\"isPartOf\":{\"@id\":\"https:\/\/www.hydronorth.com.br\/hydroresolve\/#website\"},\"primaryImageOfPage\":{\"@id\":\"https:\/\/www.hydronorth.com.br\/hydroresolve\/materiais-gratuitos\/#primaryimage\"},\"datePublished\":\"2020-01-27T19:49:43+00:00\",\"dateModified\":\"2025-10-10T14:56:03+00:00\",\"breadcrumb\":{\"@id\":\"https:\/\/www.hydronorth.com.br\/hydroresolve\/materiais-gratuitos\/#breadcrumb\"},\"inLanguage\":\"pt-BR\",\"potentialAction\":[{\"@type\":\"ReadAction\",\"target\":[\"https:\/\/www.hydronorth.com.br\/hydroresolve\/materiais-gratuitos\/\"]}]},{\"@type\":\"BreadcrumbList\",\"@id\":\"https:\/\/www.hydronorth.com.br\/hydroresolve\/materiais-gratuitos\/#breadcrumb\",\"itemListElement\":[{\"@type\":\"ListItem\",\"position\":1,\"name\":\"In\\u00edcio\",\"item\":\"https:\/\/www.hydronorth.com.br\/hydroresolve\/\"},{\"@type\":\"ListItem\",\"position\":2,\"name\":\"Materiais Gratuitos\"}]}]}<\/script>\r\n<!-- \/ Yoast SEO plugin. -->","yoast_head_json":{"title":"Materiais Gratuitos - Hydroresolve","robots":{"index":"index","follow":"follow","max-snippet":"max-snippet:-1","max-image-preview":"max-image-preview:large","max-video-preview":"max-video-preview:-1"},"canonical":"https:\/\/www.hydronorth.com.br\/hydroresolve\/materiais-gratuitos\/","og_locale":"pt_BR","og_type":"article","og_title":"Materiais Gratuitos - Hydroresolve","og_description":"Conte\u00fados exclusivos para pintores, lojistas, arquitetos e voc\u00ea cliente! Os conte\u00fados s\u00e3o para todos: arquitetos, pintores, decoradores e consumidores que[&hellip;]","og_url":"https:\/\/www.hydronorth.com.br\/hydroresolve\/materiais-gratuitos\/","og_site_name":"Hydroresolve","article_modified_time":"2025-10-10T14:56:03+00:00","og_image":[{"url":"https:\/\/www.hydronorth.com.br\/hydroresolve\/wp-content\/uploads\/2022\/03\/Tudo-o-que-voce-precisa-saber-para-manter-sua-casa-protegida-dos-efeitos-do-tempo.jpg"}],"twitter_card":"summary_large_image","twitter_misc":{"Est. tempo de leitura":"2 minutos"},"schema":{"@context":"https:\/\/schema.org","@graph":[{"@type":"WebSite","@id":"https:\/\/www.hydronorth.com.br\/hydroresolve\/#website","url":"https:\/\/www.hydronorth.com.br\/hydroresolve\/","name":"Hydroresolve","description":"","potentialAction":[{"@type":"SearchAction","target":{"@type":"EntryPoint","urlTemplate":"https:\/\/www.hydronorth.com.br\/hydroresolve\/?s={search_term_string}"},"query-input":"required name=search_term_string"}],"inLanguage":"pt-BR"},{"@type":"ImageObject","@id":"https:\/\/www.hydronorth.com.br\/hydroresolve\/materiais-gratuitos\/#primaryimage","inLanguage":"pt-BR","url":"https:\/\/www.hydronorth.com.br\/hydroresolve\/wp-content\/uploads\/2022\/03\/Tudo-o-que-voce-precisa-saber-para-manter-sua-casa-protegida-dos-efeitos-do-tempo.jpg","contentUrl":"https:\/\/www.hydronorth.com.br\/hydroresolve\/wp-content\/uploads\/2022\/03\/Tudo-o-que-voce-precisa-saber-para-manter-sua-casa-protegida-dos-efeitos-do-tempo.jpg","width":300,"height":300},{"@type":"WebPage","@id":"https:\/\/www.hydronorth.com.br\/hydroresolve\/materiais-gratuitos\/#webpage","url":"https:\/\/www.hydronorth.com.br\/hydroresolve\/materiais-gratuitos\/","name":"Materiais Gratuitos - Hydroresolve","isPartOf":{"@id":"https:\/\/www.hydronorth.com.br\/hydroresolve\/#website"},"primaryImageOfPage":{"@id":"https:\/\/www.hydronorth.com.br\/hydroresolve\/materiais-gratuitos\/#primaryimage"},"datePublished":"2020-01-27T19:49:43+00:00","dateModified":"2025-10-10T14:56:03+00:00","breadcrumb":{"@id":"https:\/\/www.hydronorth.com.br\/hydroresolve\/materiais-gratuitos\/#breadcrumb"},"inLanguage":"pt-BR","potentialAction":[{"@type":"ReadAction","target":["https:\/\/www.hydronorth.com.br\/hydroresolve\/materiais-gratuitos\/"]}]},{"@type":"BreadcrumbList","@id":"https:\/\/www.hydronorth.com.br\/hydroresolve\/materiais-gratuitos\/#breadcrumb","itemListElement":[{"@type":"ListItem","position":1,"name":"In\u00edcio","item":"https:\/\/www.hydronorth.com.br\/hydroresolve\/"},{"@type":"ListItem","position":2,"name":"Materiais Gratuitos"}]}]}},"_links":{"self":[{"href":"https:\/\/www.hydronorth.com.br\/hydroresolve\/wp-json\/wp\/v2\/pages\/600"}],"collection":[{"href":"https:\/\/www.hydronorth.com.br\/hydroresolve\/wp-json\/wp\/v2\/pages"}],"about":[{"href":"https:\/\/www.hydronorth.com.br\/hydroresolve\/wp-json\/wp\/v2\/types\/page"}],"author":[{"embeddable":true,"href":"https:\/\/www.hydronorth.com.br\/hydroresolve\/wp-json\/wp\/v2\/users\/1"}],"replies":[{"embeddable":true,"href":"https:\/\/www.hydronorth.com.br\/hydroresolve\/wp-json\/wp\/v2\/comments?post=600"}],"version-history":[{"count":136,"href":"https:\/\/www.hydronorth.com.br\/hydroresolve\/wp-json\/wp\/v2\/pages\/600\/revisions"}],"predecessor-version":[{"id":1443,"href":"https:\/\/www.hydronorth.com.br\/hydroresolve\/wp-json\/wp\/v2\/pages\/600\/revisions\/1443"}],"wp:attachment":[{"href":"https:\/\/www.hydronorth.com.br\/hydroresolve\/wp-json\/wp\/v2\/media?parent=600"}],"curies":[{"name":"wp","href":"https:\/\/api.w.org\/{rel}","templated":true}]}}