{"id":378,"date":"2019-09-03T19:30:14","date_gmt":"2019-09-03T19:30:14","guid":{"rendered":"http:\/\/www.hydronorth.com.br\/hydroresolve\/?page_id=378"},"modified":"2019-09-04T19:57:10","modified_gmt":"2019-09-04T19:57:10","slug":"sobre-o-blog-2","status":"publish","type":"page","link":"https:\/\/www.hydronorth.com.br\/hydroresolve\/sobre-o-blog-2\/","title":{"rendered":"Sobre o Blog"},"content":{"rendered":"\n<p>Trabalhar em um projeto \u00e9 realizar uma ideia ou um sonho e ter acesso \u00e0s melhores informa\u00e7\u00f5es pode fazer toda a diferen\u00e7a. Pensando nisso, apresentamos a voc\u00ea o Hydroresolve, o blog da Hydronorth repleto de informa\u00e7\u00f5es como dicas, solu\u00e7\u00f5es, produtos e suas formas de aplica\u00e7\u00e3o, materiais, tutorias, decora\u00e7\u00e3o, tend\u00eancias e lan\u00e7amentos do mundo da constru\u00e7\u00e3o. <\/p>\n\n\n\n<p>Os conte\u00fados s\u00e3o para todos: arquitetos, pintores, decoradores e consumidores que querem construir ou reformar. Conhe\u00e7a os produtos Hydronorth, acesse os conte\u00fados, aproveite a leitura e aplique-os em seus projetos.<\/p>\n","protected":false},"excerpt":{"rendered":"<p>Trabalhar em um projeto \u00e9 realizar uma ideia ou um sonho e ter acesso \u00e0s melhores informa\u00e7\u00f5es pode fazer toda<span class=\"read-more\">[&hellip;]<\/span><\/p>\n","protected":false},"author":1,"featured_media":0,"parent":0,"menu_order":0,"comment_status":"closed","ping_status":"closed","template":"","meta":[],"yoast_head":"<!-- This site is optimized with the Yoast SEO plugin v17.3 - https:\/\/yoast.com\/wordpress\/plugins\/seo\/ -->\r\n<title>Sobre o Blog - Hydroresolve<\/title>\r\n<meta name=\"robots\" content=\"index, follow, max-snippet:-1, max-image-preview:large, max-video-preview:-1\" \/>\r\n<link rel=\"canonical\" href=\"https:\/\/www.hydronorth.com.br\/hydroresolve\/sobre-o-blog-2\/\" \/>\r\n<meta property=\"og:locale\" content=\"pt_BR\" \/>\r\n<meta property=\"og:type\" content=\"article\" \/>\r\n<meta property=\"og:title\" content=\"Sobre o Blog - Hydroresolve\" \/>\r\n<meta property=\"og:description\" content=\"Trabalhar em um projeto \u00e9 realizar uma ideia ou um sonho e ter acesso \u00e0s melhores informa\u00e7\u00f5es pode fazer toda[&hellip;]\" \/>\r\n<meta property=\"og:url\" content=\"https:\/\/www.hydronorth.com.br\/hydroresolve\/sobre-o-blog-2\/\" \/>\r\n<meta property=\"og:site_name\" content=\"Hydroresolve\" \/>\r\n<meta property=\"article:modified_time\" content=\"2019-09-04T19:57:10+00:00\" \/>\r\n<meta name=\"twitter:card\" content=\"summary_large_image\" \/>\r\n<script type=\"application\/ld+json\" class=\"yoast-schema-graph\">{\"@context\":\"https:\/\/schema.org\",\"@graph\":[{\"@type\":\"WebSite\",\"@id\":\"https:\/\/www.hydronorth.com.br\/hydroresolve\/#website\",\"url\":\"https:\/\/www.hydronorth.com.br\/hydroresolve\/\",\"name\":\"Hydroresolve\",\"description\":\"\",\"potentialAction\":[{\"@type\":\"SearchAction\",\"target\":{\"@type\":\"EntryPoint\",\"urlTemplate\":\"https:\/\/www.hydronorth.com.br\/hydroresolve\/?s={search_term_string}\"},\"query-input\":\"required name=search_term_string\"}],\"inLanguage\":\"pt-BR\"},{\"@type\":\"WebPage\",\"@id\":\"https:\/\/www.hydronorth.com.br\/hydroresolve\/sobre-o-blog-2\/#webpage\",\"url\":\"https:\/\/www.hydronorth.com.br\/hydroresolve\/sobre-o-blog-2\/\",\"name\":\"Sobre o Blog - Hydroresolve\",\"isPartOf\":{\"@id\":\"https:\/\/www.hydronorth.com.br\/hydroresolve\/#website\"},\"datePublished\":\"2019-09-03T19:30:14+00:00\",\"dateModified\":\"2019-09-04T19:57:10+00:00\",\"breadcrumb\":{\"@id\":\"https:\/\/www.hydronorth.com.br\/hydroresolve\/sobre-o-blog-2\/#breadcrumb\"},\"inLanguage\":\"pt-BR\",\"potentialAction\":[{\"@type\":\"ReadAction\",\"target\":[\"https:\/\/www.hydronorth.com.br\/hydroresolve\/sobre-o-blog-2\/\"]}]},{\"@type\":\"BreadcrumbList\",\"@id\":\"https:\/\/www.hydronorth.com.br\/hydroresolve\/sobre-o-blog-2\/#breadcrumb\",\"itemListElement\":[{\"@type\":\"ListItem\",\"position\":1,\"name\":\"In\\u00edcio\",\"item\":\"https:\/\/www.hydronorth.com.br\/hydroresolve\/\"},{\"@type\":\"ListItem\",\"position\":2,\"name\":\"Sobre o Blog\"}]}]}<\/script>\r\n<!-- \/ Yoast SEO plugin. -->","yoast_head_json":{"title":"Sobre o Blog - Hydroresolve","robots":{"index":"index","follow":"follow","max-snippet":"max-snippet:-1","max-image-preview":"max-image-preview:large","max-video-preview":"max-video-preview:-1"},"canonical":"https:\/\/www.hydronorth.com.br\/hydroresolve\/sobre-o-blog-2\/","og_locale":"pt_BR","og_type":"article","og_title":"Sobre o Blog - Hydroresolve","og_description":"Trabalhar em um projeto \u00e9 realizar uma ideia ou um sonho e ter acesso \u00e0s melhores informa\u00e7\u00f5es pode fazer toda[&hellip;]","og_url":"https:\/\/www.hydronorth.com.br\/hydroresolve\/sobre-o-blog-2\/","og_site_name":"Hydroresolve","article_modified_time":"2019-09-04T19:57:10+00:00","twitter_card":"summary_large_image","schema":{"@context":"https:\/\/schema.org","@graph":[{"@type":"WebSite","@id":"https:\/\/www.hydronorth.com.br\/hydroresolve\/#website","url":"https:\/\/www.hydronorth.com.br\/hydroresolve\/","name":"Hydroresolve","description":"","potentialAction":[{"@type":"SearchAction","target":{"@type":"EntryPoint","urlTemplate":"https:\/\/www.hydronorth.com.br\/hydroresolve\/?s={search_term_string}"},"query-input":"required name=search_term_string"}],"inLanguage":"pt-BR"},{"@type":"WebPage","@id":"https:\/\/www.hydronorth.com.br\/hydroresolve\/sobre-o-blog-2\/#webpage","url":"https:\/\/www.hydronorth.com.br\/hydroresolve\/sobre-o-blog-2\/","name":"Sobre o Blog - Hydroresolve","isPartOf":{"@id":"https:\/\/www.hydronorth.com.br\/hydroresolve\/#website"},"datePublished":"2019-09-03T19:30:14+00:00","dateModified":"2019-09-04T19:57:10+00:00","breadcrumb":{"@id":"https:\/\/www.hydronorth.com.br\/hydroresolve\/sobre-o-blog-2\/#breadcrumb"},"inLanguage":"pt-BR","potentialAction":[{"@type":"ReadAction","target":["https:\/\/www.hydronorth.com.br\/hydroresolve\/sobre-o-blog-2\/"]}]},{"@type":"BreadcrumbList","@id":"https:\/\/www.hydronorth.com.br\/hydroresolve\/sobre-o-blog-2\/#breadcrumb","itemListElement":[{"@type":"ListItem","position":1,"name":"In\u00edcio","item":"https:\/\/www.hydronorth.com.br\/hydroresolve\/"},{"@type":"ListItem","position":2,"name":"Sobre o Blog"}]}]}},"_links":{"self":[{"href":"https:\/\/www.hydronorth.com.br\/hydroresolve\/wp-json\/wp\/v2\/pages\/378"}],"collection":[{"href":"https:\/\/www.hydronorth.com.br\/hydroresolve\/wp-json\/wp\/v2\/pages"}],"about":[{"href":"https:\/\/www.hydronorth.com.br\/hydroresolve\/wp-json\/wp\/v2\/types\/page"}],"author":[{"embeddable":true,"href":"https:\/\/www.hydronorth.com.br\/hydroresolve\/wp-json\/wp\/v2\/users\/1"}],"replies":[{"embeddable":true,"href":"https:\/\/www.hydronorth.com.br\/hydroresolve\/wp-json\/wp\/v2\/comments?post=378"}],"version-history":[{"count":4,"href":"https:\/\/www.hydronorth.com.br\/hydroresolve\/wp-json\/wp\/v2\/pages\/378\/revisions"}],"predecessor-version":[{"id":386,"href":"https:\/\/www.hydronorth.com.br\/hydroresolve\/wp-json\/wp\/v2\/pages\/378\/revisions\/386"}],"wp:attachment":[{"href":"https:\/\/www.hydronorth.com.br\/hydroresolve\/wp-json\/wp\/v2\/media?parent=378"}],"curies":[{"name":"wp","href":"https:\/\/api.w.org\/{rel}","templated":true}]}}