{"id":1370,"date":"2025-02-28T10:50:02","date_gmt":"2025-02-28T13:50:02","guid":{"rendered":"https:\/\/www.hydronorth.com.br\/hydroresolve\/?page_id=1370"},"modified":"2025-10-10T15:28:46","modified_gmt":"2025-10-10T18:28:46","slug":"sistema-tintometrico","status":"publish","type":"page","link":"https:\/\/www.hydronorth.com.br\/hydroresolve\/sistema-tintometrico\/","title":{"rendered":"Sistema Tintom\u00e9trico Vida"},"content":{"rendered":"\t\t<div data-elementor-type=\"wp-page\" data-elementor-id=\"1370\" class=\"elementor elementor-1370\">\n\t\t\t\t\t\t<div class=\"elementor-inner\">\n\t\t\t\t<div class=\"elementor-section-wrap\">\n\t\t\t\t\t\t\t\t\t<section class=\"elementor-section elementor-top-section elementor-element elementor-element-72de803 elementor-section-boxed elementor-section-height-default elementor-section-height-default\" data-id=\"72de803\" data-element_type=\"section\">\n\t\t\t\t\t\t<div class=\"elementor-container elementor-column-gap-default\">\n\t\t\t\t\t\t\t<div class=\"elementor-row\">\n\t\t\t\t\t<div class=\"elementor-column elementor-col-100 elementor-top-column elementor-element elementor-element-936d375\" data-id=\"936d375\" data-element_type=\"column\">\n\t\t\t<div class=\"elementor-column-wrap elementor-element-populated\">\n\t\t\t\t\t\t\t<div class=\"elementor-widget-wrap\">\n\t\t\t\t\t\t<div class=\"elementor-element elementor-element-5802c4e elementor-widget elementor-widget-heading\" data-id=\"5802c4e\" data-element_type=\"widget\" data-widget_type=\"heading.default\">\n\t\t\t\t<div class=\"elementor-widget-container\">\n\t\t\t<h2 class=\"elementor-heading-title elementor-size-default\">SISTEMA VIDA | HYDRONORTH<\/h2>\t\t<\/div>\n\t\t\t\t<\/div>\n\t\t\t\t<div class=\"elementor-element elementor-element-2a01a39 elementor-widget elementor-widget-image\" data-id=\"2a01a39\" data-element_type=\"widget\" data-widget_type=\"image.default\">\n\t\t\t\t<div class=\"elementor-widget-container\">\n\t\t\t\t\t\t\t\t<div class=\"elementor-image\">\n\t\t\t\t\t\t\t\t\t\t\t\t<img width=\"640\" height=\"713\" src=\"https:\/\/www.hydronorth.com.br\/hydroresolve\/wp-content\/uploads\/2025\/02\/HD_ARTE_SISTEMA-VIDA-919x1024.png\" class=\"attachment-large size-large\" alt=\"\" loading=\"lazy\" srcset=\"https:\/\/www.hydronorth.com.br\/hydroresolve\/wp-content\/uploads\/2025\/02\/HD_ARTE_SISTEMA-VIDA-919x1024.png 919w, https:\/\/www.hydronorth.com.br\/hydroresolve\/wp-content\/uploads\/2025\/02\/HD_ARTE_SISTEMA-VIDA-269x300.png 269w, https:\/\/www.hydronorth.com.br\/hydroresolve\/wp-content\/uploads\/2025\/02\/HD_ARTE_SISTEMA-VIDA-768x856.png 768w, https:\/\/www.hydronorth.com.br\/hydroresolve\/wp-content\/uploads\/2025\/02\/HD_ARTE_SISTEMA-VIDA-1378x1536.png 1378w, https:\/\/www.hydronorth.com.br\/hydroresolve\/wp-content\/uploads\/2025\/02\/HD_ARTE_SISTEMA-VIDA-1838x2048.png 1838w, https:\/\/www.hydronorth.com.br\/hydroresolve\/wp-content\/uploads\/2025\/02\/HD_ARTE_SISTEMA-VIDA-400x446.png 400w\" sizes=\"(max-width: 640px) 100vw, 640px\" \/>\t\t\t\t\t\t\t\t\t\t\t\t\t\t<\/div>\n\t\t\t\t\t\t<\/div>\n\t\t\t\t<\/div>\n\t\t\t\t\t\t<\/div>\n\t\t\t\t\t<\/div>\n\t\t<\/div>\n\t\t\t\t\t\t\t\t<\/div>\n\t\t\t\t\t<\/div>\n\t\t<\/section>\n\t\t\t\t<section class=\"elementor-section elementor-top-section elementor-element elementor-element-ddfebee elementor-section-boxed elementor-section-height-default elementor-section-height-default\" data-id=\"ddfebee\" data-element_type=\"section\">\n\t\t\t\t\t\t<div class=\"elementor-container elementor-column-gap-default\">\n\t\t\t\t\t\t\t<div class=\"elementor-row\">\n\t\t\t\t\t<div class=\"elementor-column elementor-col-100 elementor-top-column elementor-element elementor-element-422f36a\" data-id=\"422f36a\" data-element_type=\"column\">\n\t\t\t<div class=\"elementor-column-wrap elementor-element-populated\">\n\t\t\t\t\t\t\t<div class=\"elementor-widget-wrap\">\n\t\t\t\t\t\t<div class=\"elementor-element elementor-element-0467653 elementor-widget elementor-widget-text-editor\" data-id=\"0467653\" data-element_type=\"widget\" data-widget_type=\"text-editor.default\">\n\t\t\t\t<div class=\"elementor-widget-container\">\n\t\t\t\t\t\t\t\t<div class=\"elementor-text-editor elementor-clearfix\">\n\t\t\t\t<p>O Sistema Tintom\u00e9trico Vida \u00e9 uma tecnologia que mistura diferentes colorantes para criar cores personalizadas. Usando uma m\u00e1quina, ele mistura colorantes de acordo com uma f\u00f3rmula digital, garantindo que a cor desejada seja produzida.<\/p><p>O Sistema Vida Hydronorth oferece mais de 5.000 cores que ser\u00e3o produzidas de forma r\u00e1pida e eficiente na pr\u00f3pria loja, atendendo exatamente ao que o cliente deseja, sem desperd\u00edcio de tinta.<\/p>\t\t\t\t\t<\/div>\n\t\t\t\t\t\t<\/div>\n\t\t\t\t<\/div>\n\t\t\t\t\t\t<\/div>\n\t\t\t\t\t<\/div>\n\t\t<\/div>\n\t\t\t\t\t\t\t\t<\/div>\n\t\t\t\t\t<\/div>\n\t\t<\/section>\n\t\t\t\t<section class=\"elementor-section elementor-top-section elementor-element elementor-element-71e1d21 elementor-section-boxed elementor-section-height-default elementor-section-height-default\" data-id=\"71e1d21\" data-element_type=\"section\">\n\t\t\t\t\t\t<div class=\"elementor-container elementor-column-gap-default\">\n\t\t\t\t\t\t\t<div class=\"elementor-row\">\n\t\t\t\t\t<div class=\"elementor-column elementor-col-100 elementor-top-column elementor-element elementor-element-2fb460d\" data-id=\"2fb460d\" data-element_type=\"column\">\n\t\t\t<div class=\"elementor-column-wrap elementor-element-populated\">\n\t\t\t\t\t\t\t<div class=\"elementor-widget-wrap\">\n\t\t\t\t\t\t<div class=\"elementor-element elementor-element-75b5dae elementor-widget-divider--view-line elementor-widget elementor-widget-divider\" data-id=\"75b5dae\" data-element_type=\"widget\" data-widget_type=\"divider.default\">\n\t\t\t\t<div class=\"elementor-widget-container\">\n\t\t\t\t\t<div class=\"elementor-divider\">\n\t\t\t<span class=\"elementor-divider-separator\">\n\t\t\t\t\t\t<\/span>\n\t\t<\/div>\n\t\t\t\t<\/div>\n\t\t\t\t<\/div>\n\t\t\t\t\t\t<\/div>\n\t\t\t\t\t<\/div>\n\t\t<\/div>\n\t\t\t\t\t\t\t\t<\/div>\n\t\t\t\t\t<\/div>\n\t\t<\/section>\n\t\t\t\t<section class=\"elementor-section elementor-top-section elementor-element elementor-element-229ac51 elementor-section-boxed elementor-section-height-default elementor-section-height-default\" data-id=\"229ac51\" data-element_type=\"section\">\n\t\t\t\t\t\t<div class=\"elementor-container elementor-column-gap-default\">\n\t\t\t\t\t\t\t<div class=\"elementor-row\">\n\t\t\t\t\t<div class=\"elementor-column elementor-col-100 elementor-top-column elementor-element elementor-element-b549b59\" data-id=\"b549b59\" data-element_type=\"column\">\n\t\t\t<div class=\"elementor-column-wrap elementor-element-populated\">\n\t\t\t\t\t\t\t<div class=\"elementor-widget-wrap\">\n\t\t\t\t\t\t<div class=\"elementor-element elementor-element-8fe0f9a elementor-widget elementor-widget-heading\" data-id=\"8fe0f9a\" data-element_type=\"widget\" data-widget_type=\"heading.default\">\n\t\t\t\t<div class=\"elementor-widget-container\">\n\t\t\t<h2 class=\"elementor-heading-title elementor-size-default\">BBF CORES<\/h2>\t\t<\/div>\n\t\t\t\t<\/div>\n\t\t\t\t<div class=\"elementor-element elementor-element-5e1c464 elementor-widget elementor-widget-image\" data-id=\"5e1c464\" data-element_type=\"widget\" data-widget_type=\"image.default\">\n\t\t\t\t<div class=\"elementor-widget-container\">\n\t\t\t\t\t\t\t\t<div class=\"elementor-image\">\n\t\t\t\t\t\t\t\t\t\t\t\t\t<a href=\"https:\/\/www.hydronorth.com.br\/hydroresolve\/wp-content\/uploads\/2025\/10\/InstalaRevenda_V1700.zip\">\n\t\t\t\t\t\t\t<img width=\"570\" height=\"400\" src=\"https:\/\/www.hydronorth.com.br\/hydroresolve\/wp-content\/uploads\/2025\/10\/HD_BANNER-SITE_TINTOMETRICO-2025_570x400.png\" class=\"attachment-large size-large\" alt=\"\" loading=\"lazy\" srcset=\"https:\/\/www.hydronorth.com.br\/hydroresolve\/wp-content\/uploads\/2025\/10\/HD_BANNER-SITE_TINTOMETRICO-2025_570x400.png 570w, https:\/\/www.hydronorth.com.br\/hydroresolve\/wp-content\/uploads\/2025\/10\/HD_BANNER-SITE_TINTOMETRICO-2025_570x400-300x211.png 300w, https:\/\/www.hydronorth.com.br\/hydroresolve\/wp-content\/uploads\/2025\/10\/HD_BANNER-SITE_TINTOMETRICO-2025_570x400-400x281.png 400w\" sizes=\"(max-width: 570px) 100vw, 570px\" \/>\t\t\t\t\t\t\t\t<\/a>\n\t\t\t\t\t\t\t\t\t\t\t\t\t\t<\/div>\n\t\t\t\t\t\t<\/div>\n\t\t\t\t<\/div>\n\t\t\t\t<div class=\"elementor-element elementor-element-b64da40 elementor-widget elementor-widget-text-editor\" data-id=\"b64da40\" data-element_type=\"widget\" data-widget_type=\"text-editor.default\">\n\t\t\t\t<div class=\"elementor-widget-container\">\n\t\t\t\t\t\t\t\t<div class=\"elementor-text-editor elementor-clearfix\">\n\t\t\t\t<p><span style=\"text-align: center;\">Fa\u00e7a o download do nosso software BBF para utilizar o Sistema Tintom\u00e9trico.<\/span><\/p>\t\t\t\t\t<\/div>\n\t\t\t\t\t\t<\/div>\n\t\t\t\t<\/div>\n\t\t\t\t<div class=\"elementor-element elementor-element-8be854b elementor-widget-divider--view-line elementor-widget elementor-widget-divider\" data-id=\"8be854b\" data-element_type=\"widget\" data-widget_type=\"divider.default\">\n\t\t\t\t<div class=\"elementor-widget-container\">\n\t\t\t\t\t<div class=\"elementor-divider\">\n\t\t\t<span class=\"elementor-divider-separator\">\n\t\t\t\t\t\t<\/span>\n\t\t<\/div>\n\t\t\t\t<\/div>\n\t\t\t\t<\/div>\n\t\t\t\t\t\t<\/div>\n\t\t\t\t\t<\/div>\n\t\t<\/div>\n\t\t\t\t\t\t\t\t<\/div>\n\t\t\t\t\t<\/div>\n\t\t<\/section>\n\t\t\t\t<section class=\"elementor-section elementor-top-section elementor-element elementor-element-18d0922 elementor-section-boxed elementor-section-height-default elementor-section-height-default\" data-id=\"18d0922\" data-element_type=\"section\">\n\t\t\t\t\t\t<div class=\"elementor-container elementor-column-gap-default\">\n\t\t\t\t\t\t\t<div class=\"elementor-row\">\n\t\t\t\t\t<div class=\"elementor-column elementor-col-100 elementor-top-column elementor-element elementor-element-17dbba6\" data-id=\"17dbba6\" data-element_type=\"column\">\n\t\t\t<div class=\"elementor-column-wrap elementor-element-populated\">\n\t\t\t\t\t\t\t<div class=\"elementor-widget-wrap\">\n\t\t\t\t\t\t<div class=\"elementor-element elementor-element-2b7e572 elementor-widget elementor-widget-image\" data-id=\"2b7e572\" data-element_type=\"widget\" data-widget_type=\"image.default\">\n\t\t\t\t<div class=\"elementor-widget-container\">\n\t\t\t\t\t\t\t\t<div class=\"elementor-image\">\n\t\t\t\t\t\t\t\t\t\t\t\t<img width=\"640\" height=\"480\" src=\"https:\/\/www.hydronorth.com.br\/hydroresolve\/wp-content\/uploads\/2020\/03\/rendered-1024x768.png\" class=\"attachment-large size-large\" alt=\"Mulher segurando paleta de cores de tinta\" loading=\"lazy\" srcset=\"https:\/\/www.hydronorth.com.br\/hydroresolve\/wp-content\/uploads\/2020\/03\/rendered.png 1024w, https:\/\/www.hydronorth.com.br\/hydroresolve\/wp-content\/uploads\/2020\/03\/rendered-300x225.png 300w, https:\/\/www.hydronorth.com.br\/hydroresolve\/wp-content\/uploads\/2020\/03\/rendered-768x576.png 768w, https:\/\/www.hydronorth.com.br\/hydroresolve\/wp-content\/uploads\/2020\/03\/rendered-400x300.png 400w\" sizes=\"(max-width: 640px) 100vw, 640px\" \/>\t\t\t\t\t\t\t\t\t\t\t\t\t\t<\/div>\n\t\t\t\t\t\t<\/div>\n\t\t\t\t<\/div>\n\t\t\t\t<div class=\"elementor-element elementor-element-be7923c elementor-align-center elementor-widget elementor-widget-button\" data-id=\"be7923c\" data-element_type=\"widget\" data-widget_type=\"button.default\">\n\t\t\t\t<div class=\"elementor-widget-container\">\n\t\t\t\t\t<div class=\"elementor-button-wrapper\">\n\t\t\t<a href=\"https:\/\/www.hydronorth.com.br\/hydroresolve\/wp-content\/uploads\/2025\/04\/HD_LEQUE-DE-CORES_DIGITAL_SISTEMA-VIDA.pdf\" class=\"elementor-button-link elementor-button elementor-size-sm\" role=\"button\">\n\t\t\t\t\t\t<span class=\"elementor-button-content-wrapper\">\n\t\t\t\t\t\t<span class=\"elementor-button-text\">Clique aqui e baixe nosso Leque de Cores Digital<\/span>\n\t\t<\/span>\n\t\t\t\t\t<\/a>\n\t\t<\/div>\n\t\t\t\t<\/div>\n\t\t\t\t<\/div>\n\t\t\t\t<div class=\"elementor-element elementor-element-a692546 elementor-widget-divider--view-line elementor-widget elementor-widget-divider\" data-id=\"a692546\" data-element_type=\"widget\" data-widget_type=\"divider.default\">\n\t\t\t\t<div class=\"elementor-widget-container\">\n\t\t\t\t\t<div class=\"elementor-divider\">\n\t\t\t<span class=\"elementor-divider-separator\">\n\t\t\t\t\t\t<\/span>\n\t\t<\/div>\n\t\t\t\t<\/div>\n\t\t\t\t<\/div>\n\t\t\t\t\t\t<\/div>\n\t\t\t\t\t<\/div>\n\t\t<\/div>\n\t\t\t\t\t\t\t\t<\/div>\n\t\t\t\t\t<\/div>\n\t\t<\/section>\n\t\t\t\t<section class=\"elementor-section elementor-top-section elementor-element elementor-element-b2bbbe2 elementor-section-boxed elementor-section-height-default elementor-section-height-default\" data-id=\"b2bbbe2\" data-element_type=\"section\">\n\t\t\t\t\t\t<div class=\"elementor-container elementor-column-gap-default\">\n\t\t\t\t\t\t\t<div class=\"elementor-row\">\n\t\t\t\t\t<div class=\"elementor-column elementor-col-100 elementor-top-column elementor-element elementor-element-87ec999\" data-id=\"87ec999\" data-element_type=\"column\">\n\t\t\t<div class=\"elementor-column-wrap elementor-element-populated\">\n\t\t\t\t\t\t\t<div class=\"elementor-widget-wrap\">\n\t\t\t\t\t\t<div class=\"elementor-element elementor-element-9df20b5 elementor-arrows-position-inside elementor-widget elementor-widget-image-carousel\" data-id=\"9df20b5\" data-element_type=\"widget\" data-settings=\"{&quot;slides_to_show&quot;:&quot;2&quot;,&quot;slides_to_scroll&quot;:&quot;1&quot;,&quot;navigation&quot;:&quot;arrows&quot;,&quot;autoplay&quot;:&quot;yes&quot;,&quot;pause_on_hover&quot;:&quot;yes&quot;,&quot;pause_on_interaction&quot;:&quot;yes&quot;,&quot;autoplay_speed&quot;:5000,&quot;infinite&quot;:&quot;yes&quot;,&quot;speed&quot;:500}\" data-widget_type=\"image-carousel.default\">\n\t\t\t\t<div class=\"elementor-widget-container\">\n\t\t\t\t\t<div class=\"elementor-image-carousel-wrapper swiper-container\" dir=\"ltr\">\n\t\t\t<div class=\"elementor-image-carousel swiper-wrapper\">\n\t\t\t\t\t\t\t\t<div class=\"swiper-slide\"><figure class=\"swiper-slide-inner\"><img class=\"swiper-slide-image\" src=\"https:\/\/www.hydronorth.com.br\/hydroresolve\/wp-content\/uploads\/2025\/02\/5.png\" alt=\"5\" \/><\/figure><\/div><div class=\"swiper-slide\"><figure class=\"swiper-slide-inner\"><img class=\"swiper-slide-image\" src=\"https:\/\/www.hydronorth.com.br\/hydroresolve\/wp-content\/uploads\/2025\/02\/1.png\" alt=\"1\" \/><\/figure><\/div><div class=\"swiper-slide\"><figure class=\"swiper-slide-inner\"><img class=\"swiper-slide-image\" src=\"https:\/\/www.hydronorth.com.br\/hydroresolve\/wp-content\/uploads\/2025\/02\/6.png\" alt=\"6\" \/><\/figure><\/div><div class=\"swiper-slide\"><figure class=\"swiper-slide-inner\"><img class=\"swiper-slide-image\" src=\"https:\/\/www.hydronorth.com.br\/hydroresolve\/wp-content\/uploads\/2025\/02\/4.png\" alt=\"4\" \/><\/figure><\/div><div class=\"swiper-slide\"><figure class=\"swiper-slide-inner\"><img class=\"swiper-slide-image\" src=\"https:\/\/www.hydronorth.com.br\/hydroresolve\/wp-content\/uploads\/2025\/02\/3.png\" alt=\"3\" \/><\/figure><\/div>\t\t\t<\/div>\n\t\t\t\t\t\t\t\t\t\t\t\t\t\t\t\t<div class=\"elementor-swiper-button elementor-swiper-button-prev\">\n\t\t\t\t\t\t<i aria-hidden=\"true\" class=\"eicon-chevron-left\"><\/i>\t\t\t\t\t\t<span class=\"elementor-screen-only\">Anterior<\/span>\n\t\t\t\t\t<\/div>\n\t\t\t\t\t<div class=\"elementor-swiper-button elementor-swiper-button-next\">\n\t\t\t\t\t\t<i aria-hidden=\"true\" class=\"eicon-chevron-right\"><\/i>\t\t\t\t\t\t<span class=\"elementor-screen-only\">Pr\u00f3ximo<\/span>\n\t\t\t\t\t<\/div>\n\t\t\t\t\t\t\t\t\t<\/div>\n\t\t\t\t<\/div>\n\t\t\t\t<\/div>\n\t\t\t\t\t\t<\/div>\n\t\t\t\t\t<\/div>\n\t\t<\/div>\n\t\t\t\t\t\t\t\t<\/div>\n\t\t\t\t\t<\/div>\n\t\t<\/section>\n\t\t\t\t\t\t\t\t\t<\/div>\n\t\t\t<\/div>\n\t\t\t\t\t<\/div>\n\t\t","protected":false},"excerpt":{"rendered":"<p>SISTEMA VIDA | HYDRONORTH O Sistema Tintom\u00e9trico Vida \u00e9 uma tecnologia que mistura diferentes colorantes para criar cores personalizadas. Usando<span class=\"read-more\">[&hellip;]<\/span><\/p>\n","protected":false},"author":14,"featured_media":0,"parent":0,"menu_order":0,"comment_status":"closed","ping_status":"closed","template":"","meta":[],"yoast_head":"<!-- This site is optimized with the Yoast SEO plugin v17.3 - https:\/\/yoast.com\/wordpress\/plugins\/seo\/ -->\r\n<title>Sistema Tintom\u00e9trico Vida - Hydroresolve<\/title>\r\n<meta name=\"robots\" content=\"index, follow, max-snippet:-1, max-image-preview:large, max-video-preview:-1\" \/>\r\n<link rel=\"canonical\" href=\"https:\/\/www.hydronorth.com.br\/hydroresolve\/sistema-tintometrico\/\" \/>\r\n<meta property=\"og:locale\" content=\"pt_BR\" \/>\r\n<meta property=\"og:type\" content=\"article\" \/>\r\n<meta property=\"og:title\" content=\"Sistema Tintom\u00e9trico Vida - Hydroresolve\" \/>\r\n<meta property=\"og:description\" content=\"SISTEMA VIDA | HYDRONORTH O Sistema Tintom\u00e9trico Vida \u00e9 uma tecnologia que mistura diferentes colorantes para criar cores personalizadas. Usando[&hellip;]\" \/>\r\n<meta property=\"og:url\" content=\"https:\/\/www.hydronorth.com.br\/hydroresolve\/sistema-tintometrico\/\" \/>\r\n<meta property=\"og:site_name\" content=\"Hydroresolve\" \/>\r\n<meta property=\"article:modified_time\" content=\"2025-10-10T18:28:46+00:00\" \/>\r\n<meta property=\"og:image\" content=\"https:\/\/www.hydronorth.com.br\/hydroresolve\/wp-content\/uploads\/2025\/02\/HD_ARTE_SISTEMA-VIDA-919x1024.png\" \/>\r\n<meta name=\"twitter:card\" content=\"summary_large_image\" \/>\r\n<meta name=\"twitter:label1\" content=\"Est. tempo de leitura\" \/>\n\t<meta name=\"twitter:data1\" content=\"3 minutos\" \/>\r\n<script type=\"application\/ld+json\" class=\"yoast-schema-graph\">{\"@context\":\"https:\/\/schema.org\",\"@graph\":[{\"@type\":\"WebSite\",\"@id\":\"https:\/\/www.hydronorth.com.br\/hydroresolve\/#website\",\"url\":\"https:\/\/www.hydronorth.com.br\/hydroresolve\/\",\"name\":\"Hydroresolve\",\"description\":\"\",\"potentialAction\":[{\"@type\":\"SearchAction\",\"target\":{\"@type\":\"EntryPoint\",\"urlTemplate\":\"https:\/\/www.hydronorth.com.br\/hydroresolve\/?s={search_term_string}\"},\"query-input\":\"required name=search_term_string\"}],\"inLanguage\":\"pt-BR\"},{\"@type\":\"ImageObject\",\"@id\":\"https:\/\/www.hydronorth.com.br\/hydroresolve\/sistema-tintometrico\/#primaryimage\",\"inLanguage\":\"pt-BR\",\"url\":\"https:\/\/www.hydronorth.com.br\/hydroresolve\/wp-content\/uploads\/2025\/02\/HD_ARTE_SISTEMA-VIDA.png\",\"contentUrl\":\"https:\/\/www.hydronorth.com.br\/hydroresolve\/wp-content\/uploads\/2025\/02\/HD_ARTE_SISTEMA-VIDA.png\",\"width\":3360,\"height\":3744},{\"@type\":\"WebPage\",\"@id\":\"https:\/\/www.hydronorth.com.br\/hydroresolve\/sistema-tintometrico\/#webpage\",\"url\":\"https:\/\/www.hydronorth.com.br\/hydroresolve\/sistema-tintometrico\/\",\"name\":\"Sistema Tintom\\u00e9trico Vida - Hydroresolve\",\"isPartOf\":{\"@id\":\"https:\/\/www.hydronorth.com.br\/hydroresolve\/#website\"},\"primaryImageOfPage\":{\"@id\":\"https:\/\/www.hydronorth.com.br\/hydroresolve\/sistema-tintometrico\/#primaryimage\"},\"datePublished\":\"2025-02-28T13:50:02+00:00\",\"dateModified\":\"2025-10-10T18:28:46+00:00\",\"breadcrumb\":{\"@id\":\"https:\/\/www.hydronorth.com.br\/hydroresolve\/sistema-tintometrico\/#breadcrumb\"},\"inLanguage\":\"pt-BR\",\"potentialAction\":[{\"@type\":\"ReadAction\",\"target\":[\"https:\/\/www.hydronorth.com.br\/hydroresolve\/sistema-tintometrico\/\"]}]},{\"@type\":\"BreadcrumbList\",\"@id\":\"https:\/\/www.hydronorth.com.br\/hydroresolve\/sistema-tintometrico\/#breadcrumb\",\"itemListElement\":[{\"@type\":\"ListItem\",\"position\":1,\"name\":\"In\\u00edcio\",\"item\":\"https:\/\/www.hydronorth.com.br\/hydroresolve\/\"},{\"@type\":\"ListItem\",\"position\":2,\"name\":\"Sistema Tintom\\u00e9trico Vida\"}]}]}<\/script>\r\n<!-- \/ Yoast SEO plugin. -->","yoast_head_json":{"title":"Sistema Tintom\u00e9trico Vida - Hydroresolve","robots":{"index":"index","follow":"follow","max-snippet":"max-snippet:-1","max-image-preview":"max-image-preview:large","max-video-preview":"max-video-preview:-1"},"canonical":"https:\/\/www.hydronorth.com.br\/hydroresolve\/sistema-tintometrico\/","og_locale":"pt_BR","og_type":"article","og_title":"Sistema Tintom\u00e9trico Vida - Hydroresolve","og_description":"SISTEMA VIDA | HYDRONORTH O Sistema Tintom\u00e9trico Vida \u00e9 uma tecnologia que mistura diferentes colorantes para criar cores personalizadas. Usando[&hellip;]","og_url":"https:\/\/www.hydronorth.com.br\/hydroresolve\/sistema-tintometrico\/","og_site_name":"Hydroresolve","article_modified_time":"2025-10-10T18:28:46+00:00","og_image":[{"url":"https:\/\/www.hydronorth.com.br\/hydroresolve\/wp-content\/uploads\/2025\/02\/HD_ARTE_SISTEMA-VIDA-919x1024.png"}],"twitter_card":"summary_large_image","twitter_misc":{"Est. tempo de leitura":"3 minutos"},"schema":{"@context":"https:\/\/schema.org","@graph":[{"@type":"WebSite","@id":"https:\/\/www.hydronorth.com.br\/hydroresolve\/#website","url":"https:\/\/www.hydronorth.com.br\/hydroresolve\/","name":"Hydroresolve","description":"","potentialAction":[{"@type":"SearchAction","target":{"@type":"EntryPoint","urlTemplate":"https:\/\/www.hydronorth.com.br\/hydroresolve\/?s={search_term_string}"},"query-input":"required name=search_term_string"}],"inLanguage":"pt-BR"},{"@type":"ImageObject","@id":"https:\/\/www.hydronorth.com.br\/hydroresolve\/sistema-tintometrico\/#primaryimage","inLanguage":"pt-BR","url":"https:\/\/www.hydronorth.com.br\/hydroresolve\/wp-content\/uploads\/2025\/02\/HD_ARTE_SISTEMA-VIDA.png","contentUrl":"https:\/\/www.hydronorth.com.br\/hydroresolve\/wp-content\/uploads\/2025\/02\/HD_ARTE_SISTEMA-VIDA.png","width":3360,"height":3744},{"@type":"WebPage","@id":"https:\/\/www.hydronorth.com.br\/hydroresolve\/sistema-tintometrico\/#webpage","url":"https:\/\/www.hydronorth.com.br\/hydroresolve\/sistema-tintometrico\/","name":"Sistema Tintom\u00e9trico Vida - Hydroresolve","isPartOf":{"@id":"https:\/\/www.hydronorth.com.br\/hydroresolve\/#website"},"primaryImageOfPage":{"@id":"https:\/\/www.hydronorth.com.br\/hydroresolve\/sistema-tintometrico\/#primaryimage"},"datePublished":"2025-02-28T13:50:02+00:00","dateModified":"2025-10-10T18:28:46+00:00","breadcrumb":{"@id":"https:\/\/www.hydronorth.com.br\/hydroresolve\/sistema-tintometrico\/#breadcrumb"},"inLanguage":"pt-BR","potentialAction":[{"@type":"ReadAction","target":["https:\/\/www.hydronorth.com.br\/hydroresolve\/sistema-tintometrico\/"]}]},{"@type":"BreadcrumbList","@id":"https:\/\/www.hydronorth.com.br\/hydroresolve\/sistema-tintometrico\/#breadcrumb","itemListElement":[{"@type":"ListItem","position":1,"name":"In\u00edcio","item":"https:\/\/www.hydronorth.com.br\/hydroresolve\/"},{"@type":"ListItem","position":2,"name":"Sistema Tintom\u00e9trico Vida"}]}]}},"_links":{"self":[{"href":"https:\/\/www.hydronorth.com.br\/hydroresolve\/wp-json\/wp\/v2\/pages\/1370"}],"collection":[{"href":"https:\/\/www.hydronorth.com.br\/hydroresolve\/wp-json\/wp\/v2\/pages"}],"about":[{"href":"https:\/\/www.hydronorth.com.br\/hydroresolve\/wp-json\/wp\/v2\/types\/page"}],"author":[{"embeddable":true,"href":"https:\/\/www.hydronorth.com.br\/hydroresolve\/wp-json\/wp\/v2\/users\/14"}],"replies":[{"embeddable":true,"href":"https:\/\/www.hydronorth.com.br\/hydroresolve\/wp-json\/wp\/v2\/comments?post=1370"}],"version-history":[{"count":37,"href":"https:\/\/www.hydronorth.com.br\/hydroresolve\/wp-json\/wp\/v2\/pages\/1370\/revisions"}],"predecessor-version":[{"id":1451,"href":"https:\/\/www.hydronorth.com.br\/hydroresolve\/wp-json\/wp\/v2\/pages\/1370\/revisions\/1451"}],"wp:attachment":[{"href":"https:\/\/www.hydronorth.com.br\/hydroresolve\/wp-json\/wp\/v2\/media?parent=1370"}],"curies":[{"name":"wp","href":"https:\/\/api.w.org\/{rel}","templated":true}]}}